{"id":3627,"date":"2022-04-04T10:52:19","date_gmt":"2022-04-04T10:52:19","guid":{"rendered":"https:\/\/a3cert.com\/om-a3cert\/uttalelse-om-sertifisering\/"},"modified":"2022-08-19T15:08:18","modified_gmt":"2022-08-19T15:08:18","slug":"uttalelse-om-sertifisering","status":"publish","type":"page","link":"https:\/\/a3cert.com\/no\/om-a3cert\/uttalelse-om-sertifisering\/","title":{"rendered":"Uttalelse om sertifisering"},"content":{"rendered":"\t\t<div data-elementor-type=\"wp-page\" data-elementor-id=\"3627\" class=\"elementor elementor-3627 elementor-1170\" data-elementor-post-type=\"page\">\n\t\t\t\t\t\t<section class=\"elementor-section elementor-top-section elementor-element elementor-element-6455dc9 ac_ns_image_fade elementor-reverse-mobile elementor-section-boxed elementor-section-height-default elementor-section-height-default\" data-id=\"6455dc9\" data-element_type=\"section\" data-e-type=\"section\" data-settings=\"{&quot;background_background&quot;:&quot;classic&quot;}\">\n\t\t\t\t\t\t\t<div class=\"elementor-background-overlay\"><\/div>\n\t\t\t\t\t\t\t<div class=\"elementor-container elementor-column-gap-default\">\n\t\t\t\t\t<div class=\"elementor-column elementor-col-50 elementor-top-column elementor-element elementor-element-d257b7f\" data-id=\"d257b7f\" data-element_type=\"column\" data-e-type=\"column\">\n\t\t\t<div class=\"elementor-widget-wrap elementor-element-populated\">\n\t\t\t\t\t\t<div class=\"elementor-element elementor-element-8595a86 elementor-widget__width-initial elementor-absolute ac_img elementor-widget-mobile__width-initial elementor-hidden-mobile elementor-widget-tablet__width-initial elementor-widget elementor-widget-image\" data-id=\"8595a86\" data-element_type=\"widget\" data-e-type=\"widget\" data-settings=\"{&quot;_position&quot;:&quot;absolute&quot;}\" data-widget_type=\"image.default\">\n\t\t\t\t<div class=\"elementor-widget-container\">\n\t\t\t\t\t\t\t\t\t\t\t\t\t\t\t<img fetchpriority=\"high\" decoding=\"async\" width=\"800\" height=\"450\" src=\"https:\/\/a3cert.com\/wp-content\/uploads\/2022\/02\/bg-video-1024x576.jpg\" class=\"attachment-large size-large wp-image-2730\" alt=\"\" srcset=\"https:\/\/a3cert.com\/wp-content\/uploads\/2022\/02\/bg-video-1024x576.jpg 1024w, https:\/\/a3cert.com\/wp-content\/uploads\/2022\/02\/bg-video-300x169.jpg 300w, https:\/\/a3cert.com\/wp-content\/uploads\/2022\/02\/bg-video-768x432.jpg 768w, https:\/\/a3cert.com\/wp-content\/uploads\/2022\/02\/bg-video-1536x864.jpg 1536w, https:\/\/a3cert.com\/wp-content\/uploads\/2022\/02\/bg-video.jpg 1920w\" sizes=\"(max-width: 800px) 100vw, 800px\">\t\t\t\t\t\t\t\t\t\t\t\t\t\t\t<\/div>\n\t\t\t\t<\/div>\n\t\t\t\t<section class=\"elementor-section elementor-inner-section elementor-element elementor-element-f94b635 elementor-section-boxed elementor-section-height-default elementor-section-height-default\" data-id=\"f94b635\" data-element_type=\"section\" data-e-type=\"section\" data-settings=\"{&quot;sticky&quot;:&quot;top&quot;,&quot;sticky_on&quot;:[&quot;desktop&quot;,&quot;tablet&quot;],&quot;sticky_offset&quot;:140,&quot;sticky_parent&quot;:&quot;yes&quot;,&quot;sticky_effects_offset&quot;:0,&quot;sticky_anchor_link_offset&quot;:0}\">\n\t\t\t\t\t\t<div class=\"elementor-container elementor-column-gap-default\">\n\t\t\t\t\t<div class=\"elementor-column elementor-col-100 elementor-inner-column elementor-element elementor-element-04faccf\" data-id=\"04faccf\" data-element_type=\"column\" data-e-type=\"column\" data-settings=\"{&quot;background_background&quot;:&quot;classic&quot;}\">\n\t\t\t<div class=\"elementor-widget-wrap elementor-element-populated\">\n\t\t\t\t\t\t<div class=\"elementor-element elementor-element-330844c elementor-widget elementor-widget-heading\" data-id=\"330844c\" data-element_type=\"widget\" data-e-type=\"widget\" data-widget_type=\"heading.default\">\n\t\t\t\t<div class=\"elementor-widget-container\">\n\t\t\t\t\t<h3 class=\"elementor-heading-title elementor-size-default\">Omfanget av v\u00e5r akkreditering\n<\/h3>\t\t\t\t<\/div>\n\t\t\t\t<\/div>\n\t\t\t\t<div class=\"elementor-element elementor-element-aca8ef9 elementor-widget elementor-widget-text-editor\" data-id=\"aca8ef9\" data-element_type=\"widget\" data-e-type=\"widget\" data-widget_type=\"text-editor.default\">\n\t\t\t\t<div class=\"elementor-widget-container\">\n\t\t\t\t\t\t\t\t\t<p>Via SWEDACs akkrediteringsregister kan du lese om hvilke omfang (n\u00e6ringer) vi i dag er akkreditert for.<\/p><p>Vi tar l\u00f8pende beslutninger om vi skal utvide akkrediteringen v\u00e5r med flere bransjeomr\u00e5der. Derfor \u00f8nsker vi velkommen til \u00e5 kontakte oss selv om akkurat ditt omr\u00e5de mangler fra den gjeldende listen.<\/p>\t\t\t\t\t\t\t\t<\/div>\n\t\t\t\t<\/div>\n\t\t\t\t<div class=\"elementor-element elementor-element-0d816b2 elementor-widget__width-auto elementor-mobile-align-center elementor-widget-mobile__width-inherit elementor-widget elementor-widget-button\" data-id=\"0d816b2\" data-element_type=\"widget\" data-e-type=\"widget\" data-widget_type=\"button.default\">\n\t\t\t\t<div class=\"elementor-widget-container\">\n\t\t\t\t\t\t\t\t\t<div class=\"elementor-button-wrapper\">\n\t\t\t\t\t<a class=\"elementor-button elementor-button-link elementor-size-sm\" href=\"https:\/\/a3cert.com\/no\/tilbud\/\">\n\t\t\t\t\t\t<span class=\"elementor-button-content-wrapper\">\n\t\t\t\t\t\t<span class=\"elementor-button-icon\">\n\t\t\t\t<svg xmlns=\"http:\/\/www.w3.org\/2000\/svg\" id=\"Ebene_1\" data-name=\"Ebene 1\" viewBox=\"0 0 32 32\"><defs><style>.cls-1{fill:none;stroke:#000;stroke-linecap:round;stroke-linejoin:round;stroke-width:2px;}<\/style><\/defs><polyline class=\"cls-1\" points=\"21 6 31 16 21 26\"><\/polyline><line class=\"cls-1\" x1=\"7\" y1=\"16\" x2=\"30.33\" y2=\"16\"><\/line><line class=\"cls-1\" x1=\"1\" y1=\"25\" x2=\"1\" y2=\"7\"><\/line><\/svg>\t\t\t<\/span>\n\t\t\t\t\t\t\t\t\t<span class=\"elementor-button-text\">Tilbud<\/span>\n\t\t\t\t\t<\/span>\n\t\t\t\t\t<\/a>\n\t\t\t\t<\/div>\n\t\t\t\t\t\t\t\t<\/div>\n\t\t\t\t<\/div>\n\t\t\t\t\t<\/div>\n\t\t<\/div>\n\t\t\t\t\t<\/div>\n\t\t<\/section>\n\t\t\t\t\t<\/div>\n\t\t<\/div>\n\t\t\t\t<div class=\"elementor-column elementor-col-50 elementor-top-column elementor-element elementor-element-9265dc6\" data-id=\"9265dc6\" data-element_type=\"column\" data-e-type=\"column\" data-settings=\"{&quot;background_background&quot;:&quot;classic&quot;}\">\n\t\t\t<div class=\"elementor-widget-wrap elementor-element-populated\">\n\t\t\t\t\t\t<div class=\"elementor-element elementor-element-706aa1d breadcrumb elementor-widget elementor-widget-heading\" data-id=\"706aa1d\" data-element_type=\"widget\" data-e-type=\"widget\" data-widget_type=\"heading.default\">\n\t\t\t\t<div class=\"elementor-widget-container\">\n\t\t\t\t\t<div class=\"elementor-heading-title elementor-size-default\"> <a href=\"\/\">Hjem<\/a> \/ <a href=\"https:\/\/a3cert.com\/no\/om-a3cert\/\">Om A3CERT<\/a>\/ Uttalelse om sertifisering<\/div>\t\t\t\t<\/div>\n\t\t\t\t<\/div>\n\t\t\t\t<div class=\"elementor-element elementor-element-6b89e11 elementor-widget elementor-widget-heading\" data-id=\"6b89e11\" data-element_type=\"widget\" data-e-type=\"widget\" data-widget_type=\"heading.default\">\n\t\t\t\t<div class=\"elementor-widget-container\">\n\t\t\t\t\t<h1 class=\"elementor-heading-title elementor-size-default\">Uttalelse om sertifisering<\/h1>\t\t\t\t<\/div>\n\t\t\t\t<\/div>\n\t\t\t\t<div class=\"elementor-element elementor-element-0ed28c2 elementor-widget elementor-widget-text-editor\" data-id=\"0ed28c2\" data-element_type=\"widget\" data-e-type=\"widget\" data-widget_type=\"text-editor.default\">\n\t\t\t\t<div class=\"elementor-widget-container\">\n\t\t\t\t\t\t\t\t\tKunden, sammen med henvisninger til A3CERT, m\u00e5 bare markedsf\u00f8re sertifiseringer utstedt av A3CERT.\t\t\t\t\t\t\t\t<\/div>\n\t\t\t\t<\/div>\n\t\t\t\t<div class=\"elementor-element elementor-element-dcf0077 elementor-widget-divider--view-line elementor-widget elementor-widget-divider\" data-id=\"dcf0077\" data-element_type=\"widget\" data-e-type=\"widget\" data-widget_type=\"divider.default\">\n\t\t\t\t<div class=\"elementor-widget-container\">\n\t\t\t\t\t\t\t<div class=\"elementor-divider\">\n\t\t\t<span class=\"elementor-divider-separator\">\n\t\t\t\t\t\t<\/span>\n\t\t<\/div>\n\t\t\t\t\t\t<\/div>\n\t\t\t\t<\/div>\n\t\t\t\t<div class=\"elementor-element elementor-element-8120e4a elementor-widget elementor-widget-heading\" data-id=\"8120e4a\" data-element_type=\"widget\" data-e-type=\"widget\" data-widget_type=\"heading.default\">\n\t\t\t\t<div class=\"elementor-widget-container\">\n\t\t\t\t\t<h2 class=\"elementor-heading-title elementor-size-default\">Bruk av certifikat merk\/logo<\/h2>\t\t\t\t<\/div>\n\t\t\t\t<\/div>\n\t\t\t\t<div class=\"elementor-element elementor-element-a40f88f elementor-widget elementor-widget-text-editor\" data-id=\"a40f88f\" data-element_type=\"widget\" data-e-type=\"widget\" data-widget_type=\"text-editor.default\">\n\t\t\t\t<div class=\"elementor-widget-container\">\n\t\t\t\t\t\t\t\t\t<p>Sertifikater \/ attester utstedt til kunden har akkrediteringsmyndighetens logo. Kunden har rett til \u00e5 kopiere og distribuere komplette kopier av sertifiseringsdokumenter. Hvis sertifiseringsordningen spesifiserer vilk\u00e5r for hvordan en sertifisering kan kommuniseres av kunden, m\u00e5 disse f\u00f8lges av kunden, informerer A3CERT ved disse anledninger.<\/p><p>Kunden har rett til \u00e5 vise sin sertifiseringsstatus med sertifikatet og tilh\u00f8rende sertifiseringsmerke (r) p\u00e5 f.eks. bedriftsavis og reklamelitteratur. Trykking av original sammen med instruksjoner for reproduksjon og bruk av sertifikat og sertifiseringsmerke (r) f\u00e5s.<\/p><p>A3CERT er forpliktet til \u00e5 sjekke bruken av sertifiseringsmerket og akkrediteringslogoen, der det er viktig poengene er:<\/p><ul><li>Logoen m\u00e5 reproduseres i sin helhet, inkludert alle &laquo;grenselinjer&raquo;, av akseptabel st\u00f8rrelse og farge<\/li><li>Logoen skal brukes for \u00e5 vise at godkjenningen refererer til kundens prosesser og ikke produkt (er) eller tjenester levert av selskapet<\/li><li>Logoen skal ikke brukes p\u00e5 en slik m\u00e5te at den gir et misvisende bilde av den tildelte sertifiseringen<\/li><li>Laboratorierapporter, produkter eller emballasje av produkter kan ikke b\u00e6re merke eller logo<\/li><\/ul>\t\t\t\t\t\t\t\t<\/div>\n\t\t\t\t<\/div>\n\t\t\t\t<div class=\"elementor-element elementor-element-e8d1f5c elementor-widget elementor-widget-heading\" data-id=\"e8d1f5c\" data-element_type=\"widget\" data-e-type=\"widget\" data-widget_type=\"heading.default\">\n\t\t\t\t<div class=\"elementor-widget-container\">\n\t\t\t\t\t<h2 class=\"elementor-heading-title elementor-size-default\">Uttalelse om sertifisering om produktemballasje<\/h2>\t\t\t\t<\/div>\n\t\t\t\t<\/div>\n\t\t\t\t<div class=\"elementor-element elementor-element-fb3d52b elementor-widget elementor-widget-text-editor\" data-id=\"fb3d52b\" data-element_type=\"widget\" data-e-type=\"widget\" data-widget_type=\"text-editor.default\">\n\t\t\t\t<div class=\"elementor-widget-container\">\n\t\t\t\t\t\t\t\t\t<p>P\u00e5 produktemballasje, eller i tilh\u00f8rende informasjon, kan det komme uttalelser om at virksomheten er dekket av et sertifisert styringssystem.<\/p><p>Det m\u00e5 imidlertid ikke antydes at selve produktet, prosessen eller tjenesten er sertifisert. Erkl\u00e6ringen skal angi:<\/p><ul><li>Identifisering av det sertifiserte selskapet (f.eks merke eller navn)<\/li><li>Hvilken type sertifisering av styringssystemer gjelder (f.eks. Kvalitet, milj\u00f8) og gjeldende standard<\/li><li>At A3CERT har utstedt sertifikatet<\/li><\/ul>\t\t\t\t\t\t\t\t<\/div>\n\t\t\t\t<\/div>\n\t\t\t\t\t<\/div>\n\t\t<\/div>\n\t\t\t\t\t<\/div>\n\t\t<\/section>\n\t\t\t\t<section class=\"elementor-section elementor-top-section elementor-element elementor-element-7cd85f8 elementor-section-boxed elementor-section-height-default elementor-section-height-default\" data-id=\"7cd85f8\" data-element_type=\"section\" data-e-type=\"section\">\n\t\t\t\t\t\t<div class=\"elementor-container elementor-column-gap-default\">\n\t\t\t\t\t<div class=\"elementor-column elementor-col-100 elementor-top-column elementor-element elementor-element-5761060\" data-id=\"5761060\" data-element_type=\"column\" data-e-type=\"column\" data-settings=\"{&quot;background_background&quot;:&quot;classic&quot;}\">\n\t\t\t<div class=\"elementor-widget-wrap elementor-element-populated\">\n\t\t\t\t\t<div class=\"elementor-background-overlay\"><\/div>\n\t\t\t\t\t\t<div class=\"elementor-element elementor-element-8a37c34 elementor-widget elementor-widget-heading\" data-id=\"8a37c34\" data-element_type=\"widget\" data-e-type=\"widget\" data-widget_type=\"heading.default\">\n\t\t\t\t<div class=\"elementor-widget-container\">\n\t\t\t\t\t<h2 class=\"elementor-heading-title elementor-size-default\">Velg den rette sertifiseringsorgan <br>\u2013 Endre till A3cert<\/h2>\t\t\t\t<\/div>\n\t\t\t\t<\/div>\n\t\t\t\t<section class=\"elementor-section elementor-inner-section elementor-element elementor-element-53ae2d1 elementor-section-boxed elementor-section-height-default elementor-section-height-default\" data-id=\"53ae2d1\" data-element_type=\"section\" data-e-type=\"section\">\n\t\t\t\t\t\t<div class=\"elementor-container elementor-column-gap-default\">\n\t\t\t\t\t<div class=\"elementor-column elementor-col-50 elementor-inner-column elementor-element elementor-element-7eaeef4\" data-id=\"7eaeef4\" data-element_type=\"column\" data-e-type=\"column\">\n\t\t\t<div class=\"elementor-widget-wrap elementor-element-populated\">\n\t\t\t\t\t\t<div class=\"elementor-element elementor-element-ba83912 elementor-widget elementor-widget-text-editor\" data-id=\"ba83912\" data-element_type=\"widget\" data-e-type=\"widget\" data-widget_type=\"text-editor.default\">\n\t\t\t\t<div class=\"elementor-widget-container\">\n\t\t\t\t\t\t\t\t\tMed A3CERT blir sertifiseringen enkel og l\u00f8nnsom. N\u00e5r du kontakter oss f\u00e5r du alltid svar p\u00e5 dine sp\u00f8rsm\u00e5l. Vi tilbyr kompetent og effektiv hjelp med sertifisering, uavhengig av bransje, type virksomhet og hvor i sertifiseringssyklusen du befinner deg n\u00e5.\n<a href=\"https:\/\/a3cert.com\/no\/kontakt\/\">Kontakt oss<\/a> for et tilbud og mer informasjon.\t\t\t\t\t\t\t\t<\/div>\n\t\t\t\t<\/div>\n\t\t\t\t\t<\/div>\n\t\t<\/div>\n\t\t\t\t<div class=\"elementor-column elementor-col-50 elementor-inner-column elementor-element elementor-element-c755500\" data-id=\"c755500\" data-element_type=\"column\" data-e-type=\"column\">\n\t\t\t<div class=\"elementor-widget-wrap elementor-element-populated\">\n\t\t\t\t\t\t<div class=\"elementor-element elementor-element-31f7209 elementor-widget__width-auto elementor-mobile-align-left elementor-widget-mobile__width-inherit elementor-widget elementor-widget-button\" data-id=\"31f7209\" data-element_type=\"widget\" data-e-type=\"widget\" data-widget_type=\"button.default\">\n\t\t\t\t<div class=\"elementor-widget-container\">\n\t\t\t\t\t\t\t\t\t<div class=\"elementor-button-wrapper\">\n\t\t\t\t\t<a class=\"elementor-button elementor-button-link elementor-size-sm\" href=\"https:\/\/a3cert.com\/no\/tilbud\/\">\n\t\t\t\t\t\t<span class=\"elementor-button-content-wrapper\">\n\t\t\t\t\t\t<span class=\"elementor-button-icon\">\n\t\t\t\t<svg xmlns=\"http:\/\/www.w3.org\/2000\/svg\" id=\"Ebene_1\" data-name=\"Ebene 1\" viewBox=\"0 0 32 32\"><defs><style>.cls-1{fill:none;stroke:#000;stroke-linecap:round;stroke-linejoin:round;stroke-width:2px;}<\/style><\/defs><polyline class=\"cls-1\" points=\"21 6 31 16 21 26\"><\/polyline><line class=\"cls-1\" x1=\"7\" y1=\"16\" x2=\"30.33\" y2=\"16\"><\/line><line class=\"cls-1\" x1=\"1\" y1=\"25\" x2=\"1\" y2=\"7\"><\/line><\/svg>\t\t\t<\/span>\n\t\t\t\t\t\t\t\t\t<span class=\"elementor-button-text\">Tilbud<\/span>\n\t\t\t\t\t<\/span>\n\t\t\t\t\t<\/a>\n\t\t\t\t<\/div>\n\t\t\t\t\t\t\t\t<\/div>\n\t\t\t\t<\/div>\n\t\t\t\t<div class=\"elementor-element elementor-element-fdf6cc1 elementor-widget__width-auto elementor-mobile-align-left elementor-widget-mobile__width-inherit elementor-widget elementor-widget-button\" data-id=\"fdf6cc1\" data-element_type=\"widget\" data-e-type=\"widget\" data-widget_type=\"button.default\">\n\t\t\t\t<div class=\"elementor-widget-container\">\n\t\t\t\t\t\t\t\t\t<div class=\"elementor-button-wrapper\">\n\t\t\t\t\t<a class=\"elementor-button elementor-button-link elementor-size-sm\" href=\"https:\/\/a3cert.com\/no\/kontakt\/\">\n\t\t\t\t\t\t<span class=\"elementor-button-content-wrapper\">\n\t\t\t\t\t\t\t\t\t<span class=\"elementor-button-text\">Kontakt oss<\/span>\n\t\t\t\t\t<\/span>\n\t\t\t\t\t<\/a>\n\t\t\t\t<\/div>\n\t\t\t\t\t\t\t\t<\/div>\n\t\t\t\t<\/div>\n\t\t\t\t\t<\/div>\n\t\t<\/div>\n\t\t\t\t\t<\/div>\n\t\t<\/section>\n\t\t\t\t\t<\/div>\n\t\t<\/div>\n\t\t\t\t\t<\/div>\n\t\t<\/section>\n\t\t\t\t<\/div>\n\t\t","protected":false},"excerpt":{"rendered":"<p>Omfanget av v\u00e5r akkreditering Via SWEDACs akkrediteringsregister kan du lese om hvilke omfang (n\u00e6ringer) vi i dag er akkreditert for. Vi tar l\u00f8pende beslutninger om vi skal utvide akkrediteringen v\u00e5r med flere bransjeomr\u00e5der. Derfor \u00f8nsker vi velkommen til \u00e5 kontakte oss selv om akkurat ditt omr\u00e5de mangler fra den gjeldende listen. Tilbud Hjem \/ Om [&hellip;]<\/p>\n","protected":false},"author":11,"featured_media":0,"parent":3611,"menu_order":0,"comment_status":"closed","ping_status":"closed","template":"elementor_header_footer","meta":{"_acf_changed":false,"footnotes":""},"class_list":["post-3627","page","type-page","status-publish","hentry"],"acf":[],"_links":{"self":[{"href":"https:\/\/a3cert.com\/no\/wp-json\/wp\/v2\/pages\/3627","targetHints":{"allow":["GET"]}}],"collection":[{"href":"https:\/\/a3cert.com\/no\/wp-json\/wp\/v2\/pages"}],"about":[{"href":"https:\/\/a3cert.com\/no\/wp-json\/wp\/v2\/types\/page"}],"author":[{"embeddable":true,"href":"https:\/\/a3cert.com\/no\/wp-json\/wp\/v2\/users\/11"}],"replies":[{"embeddable":true,"href":"https:\/\/a3cert.com\/no\/wp-json\/wp\/v2\/comments?post=3627"}],"version-history":[{"count":7,"href":"https:\/\/a3cert.com\/no\/wp-json\/wp\/v2\/pages\/3627\/revisions"}],"predecessor-version":[{"id":4139,"href":"https:\/\/a3cert.com\/no\/wp-json\/wp\/v2\/pages\/3627\/revisions\/4139"}],"up":[{"embeddable":true,"href":"https:\/\/a3cert.com\/no\/wp-json\/wp\/v2\/pages\/3611"}],"wp:attachment":[{"href":"https:\/\/a3cert.com\/no\/wp-json\/wp\/v2\/media?parent=3627"}],"curies":[{"name":"wp","href":"https:\/\/api.w.org\/{rel}","templated":true}]}}