{"id":3625,"date":"2022-04-04T10:52:28","date_gmt":"2022-04-04T10:52:28","guid":{"rendered":"https:\/\/a3cert.com\/om-a3cert\/sertifikat-utstedt\/"},"modified":"2024-09-06T09:49:35","modified_gmt":"2024-09-06T09:49:35","slug":"sertifikat-utstedt","status":"publish","type":"page","link":"https:\/\/a3cert.com\/no\/om-a3cert\/sertifikat-utstedt\/","title":{"rendered":"Sertifikat utstedt"},"content":{"rendered":"\t\t<div data-elementor-type=\"wp-page\" data-elementor-id=\"3625\" class=\"elementor elementor-3625 elementor-1168\" data-elementor-post-type=\"page\">\n\t\t\t\t\t\t<section class=\"elementor-section elementor-top-section elementor-element elementor-element-7f4d1e7 ac_fade_img elementor-reverse-mobile elementor-section-boxed elementor-section-height-default elementor-section-height-default\" data-id=\"7f4d1e7\" data-element_type=\"section\" data-e-type=\"section\" data-settings=\"{&quot;background_background&quot;:&quot;classic&quot;}\">\n\t\t\t\t\t\t\t<div class=\"elementor-background-overlay\"><\/div>\n\t\t\t\t\t\t\t<div class=\"elementor-container elementor-column-gap-default\">\n\t\t\t\t\t<div class=\"elementor-column elementor-col-100 elementor-top-column elementor-element elementor-element-a6a98f3 ac_i\" data-id=\"a6a98f3\" data-element_type=\"column\" data-e-type=\"column\">\n\t\t\t<div class=\"elementor-widget-wrap elementor-element-populated\">\n\t\t\t\t\t\t<section class=\"elementor-section elementor-inner-section elementor-element elementor-element-6395416 elementor-section-full_width elementor-section-height-default elementor-section-height-default\" data-id=\"6395416\" data-element_type=\"section\" data-e-type=\"section\">\n\t\t\t\t\t\t<div class=\"elementor-container elementor-column-gap-no\">\n\t\t\t\t\t<div class=\"elementor-column elementor-col-50 elementor-inner-column elementor-element elementor-element-13c4ecf\" data-id=\"13c4ecf\" data-element_type=\"column\" data-e-type=\"column\">\n\t\t\t<div class=\"elementor-widget-wrap elementor-element-populated\">\n\t\t\t\t\t\t<div class=\"elementor-element elementor-element-21aada2 breadcrumb elementor-widget elementor-widget-heading\" data-id=\"21aada2\" data-element_type=\"widget\" data-e-type=\"widget\" data-widget_type=\"heading.default\">\n\t\t\t\t<div class=\"elementor-widget-container\">\n\t\t\t\t\t<div class=\"elementor-heading-title elementor-size-default\"> <a href=\"\/\">Hjem<\/a> \/ <a href=\"https:\/\/a3cert.com\/no\/om-a3cert\/\">Om A3CERT<\/a>\/ Sertifikat utstedt<\/div>\t\t\t\t<\/div>\n\t\t\t\t<\/div>\n\t\t\t\t<div class=\"elementor-element elementor-element-9605337 elementor-widget elementor-widget-heading\" data-id=\"9605337\" data-element_type=\"widget\" data-e-type=\"widget\" data-widget_type=\"heading.default\">\n\t\t\t\t<div class=\"elementor-widget-container\">\n\t\t\t\t\t<h1 class=\"elementor-heading-title elementor-size-default\">Sertifikat utstedt<\/h1>\t\t\t\t<\/div>\n\t\t\t\t<\/div>\n\t\t\t\t<div class=\"elementor-element elementor-element-4e01f69 elementor-widget elementor-widget-text-editor\" data-id=\"4e01f69\" data-element_type=\"widget\" data-e-type=\"widget\" data-widget_type=\"text-editor.default\">\n\t\t\t\t<div class=\"elementor-widget-container\">\n\t\t\t\t\t\t\t\t\tKunden, sammen med henvisninger til A3CERT, m\u00e5 bare markedsf\u00f8re sertifiseringer utstedt av A3CERT.\t\t\t\t\t\t\t\t<\/div>\n\t\t\t\t<\/div>\n\t\t\t\t\t<\/div>\n\t\t<\/div>\n\t\t\t\t<div class=\"elementor-column elementor-col-50 elementor-inner-column elementor-element elementor-element-e2671b2\" data-id=\"e2671b2\" data-element_type=\"column\" data-e-type=\"column\" data-settings=\"{&quot;background_background&quot;:&quot;classic&quot;}\">\n\t\t\t<div class=\"elementor-widget-wrap elementor-element-populated\">\n\t\t\t\t\t<div class=\"elementor-background-overlay\"><\/div>\n\t\t\t\t\t\t<div class=\"elementor-element elementor-element-ad5f3b5 elementor-widget elementor-widget-heading\" data-id=\"ad5f3b5\" data-element_type=\"widget\" data-e-type=\"widget\" data-widget_type=\"heading.default\">\n\t\t\t\t<div class=\"elementor-widget-container\">\n\t\t\t\t\t<h2 class=\"elementor-heading-title elementor-size-default\">Kundene v\u00e5re<\/h2>\t\t\t\t<\/div>\n\t\t\t\t<\/div>\n\t\t\t\t<div class=\"elementor-element elementor-element-c72b799 elementor-widget elementor-widget-text-editor\" data-id=\"c72b799\" data-element_type=\"widget\" data-e-type=\"widget\" data-widget_type=\"text-editor.default\">\n\t\t\t\t<div class=\"elementor-widget-container\">\n\t\t\t\t\t\t\t\t\t<p>Vi har utstedt mer enn 1800 sertifikater i Norden og er et av Sveriges st\u00f8rste sertifiseringsorgan.<\/p>\n<p>Vi er ikke bare et av Sveriges raskest voksende sertifiseringsorgan, men sannsynligvis ogs\u00e5 sertifiseringsorganet med de mest forn\u00f8yde kundene.<\/p>\n<p>Vi har selvf\u00f8lgelig plass til flere selskaper, s\u00e5 ikke n\u00f8l med \u00e5 <a href=\"https:\/\/a3cert.com\/no\/kontakt\/\" target=\"_blank\" rel=\"noopener\">kontakte oss<\/a>!<\/p>\n\t\t\t\t\t\t\t\t<\/div>\n\t\t\t\t<\/div>\n\t\t\t\t\t<\/div>\n\t\t<\/div>\n\t\t\t\t\t<\/div>\n\t\t<\/section>\n\t\t\t\t<div class=\"elementor-element elementor-element-a57bb63 elementor-widget-divider--view-line elementor-widget elementor-widget-divider\" data-id=\"a57bb63\" data-element_type=\"widget\" data-e-type=\"widget\" data-widget_type=\"divider.default\">\n\t\t\t\t<div class=\"elementor-widget-container\">\n\t\t\t\t\t\t\t<div class=\"elementor-divider\">\n\t\t\t<span class=\"elementor-divider-separator\">\n\t\t\t\t\t\t<\/span>\n\t\t<\/div>\n\t\t\t\t\t\t<\/div>\n\t\t\t\t<\/div>\n\t\t\t\t<div class=\"elementor-element elementor-element-e3337c5 elementor-widget elementor-widget-html\" data-id=\"e3337c5\" data-element_type=\"widget\" data-e-type=\"widget\" data-widget_type=\"html.default\">\n\t\t\t\t<div class=\"elementor-widget-container\">\n\t\t\t\t\t<iframe data-cookieblock-src=\"https:\/\/www.certifiering.nu\/ecomedia\/mdb\/sitesearchpage.aspx?cs=68c76de8-b6a2-4a1f-bd4d-2f1e7ea7fd0c\" data-cookieconsent=\"statistics\"><\/iframe>\t\t\t\t<\/div>\n\t\t\t\t<\/div>\n\t\t\t\t\t<\/div>\n\t\t<\/div>\n\t\t\t\t\t<\/div>\n\t\t<\/section>\n\t\t\t\t<section class=\"elementor-section elementor-top-section elementor-element elementor-element-05ba6d3 elementor-section-boxed elementor-section-height-default elementor-section-height-default\" data-id=\"05ba6d3\" data-element_type=\"section\" data-e-type=\"section\">\n\t\t\t\t\t\t<div class=\"elementor-container elementor-column-gap-default\">\n\t\t\t\t\t<div class=\"elementor-column elementor-col-100 elementor-top-column elementor-element elementor-element-cf07d8e\" data-id=\"cf07d8e\" data-element_type=\"column\" data-e-type=\"column\" data-settings=\"{&quot;background_background&quot;:&quot;classic&quot;}\">\n\t\t\t<div class=\"elementor-widget-wrap elementor-element-populated\">\n\t\t\t\t\t<div class=\"elementor-background-overlay\"><\/div>\n\t\t\t\t\t\t<div class=\"elementor-element elementor-element-6370575 elementor-widget elementor-widget-heading\" data-id=\"6370575\" data-element_type=\"widget\" data-e-type=\"widget\" data-widget_type=\"heading.default\">\n\t\t\t\t<div class=\"elementor-widget-container\">\n\t\t\t\t\t<h2 class=\"elementor-heading-title elementor-size-default\">Velg riktig sertifiseringsorgan<br>\u2013 Bytt til A3cert<\/h2>\t\t\t\t<\/div>\n\t\t\t\t<\/div>\n\t\t\t\t<section class=\"elementor-section elementor-inner-section elementor-element elementor-element-b2a20c3 elementor-section-boxed elementor-section-height-default elementor-section-height-default\" data-id=\"b2a20c3\" data-element_type=\"section\" data-e-type=\"section\">\n\t\t\t\t\t\t<div class=\"elementor-container elementor-column-gap-default\">\n\t\t\t\t\t<div class=\"elementor-column elementor-col-50 elementor-inner-column elementor-element elementor-element-92350a8\" data-id=\"92350a8\" data-element_type=\"column\" data-e-type=\"column\">\n\t\t\t<div class=\"elementor-widget-wrap elementor-element-populated\">\n\t\t\t\t\t\t<div class=\"elementor-element elementor-element-0c34ae5 elementor-widget elementor-widget-text-editor\" data-id=\"0c34ae5\" data-element_type=\"widget\" data-e-type=\"widget\" data-widget_type=\"text-editor.default\">\n\t\t\t\t<div class=\"elementor-widget-container\">\n\t\t\t\t\t\t\t\t\tMed A3CERT blir sertifiseringen enkel og l\u00f8nnsom. N\u00e5r du kontakter oss f\u00e5r du alltid svar p\u00e5 dine sp\u00f8rsm\u00e5l. Vi tilbyr kompetent og effektiv hjelp med sertifisering, uavhengig av bransje, type virksomhet og hvor i sertifiseringssyklusen du befinner deg n\u00e5. <a href=\"https:\/\/a3cert.com\/no\/kontakt\/\">Kontakt oss<\/a> for et tilbud og mer informasjon.\t\t\t\t\t\t\t\t<\/div>\n\t\t\t\t<\/div>\n\t\t\t\t\t<\/div>\n\t\t<\/div>\n\t\t\t\t<div class=\"elementor-column elementor-col-50 elementor-inner-column elementor-element elementor-element-eb2008e\" data-id=\"eb2008e\" data-element_type=\"column\" data-e-type=\"column\">\n\t\t\t<div class=\"elementor-widget-wrap elementor-element-populated\">\n\t\t\t\t\t\t<div class=\"elementor-element elementor-element-412e0f4 elementor-widget__width-auto elementor-mobile-align-left elementor-widget-mobile__width-inherit elementor-widget elementor-widget-button\" data-id=\"412e0f4\" data-element_type=\"widget\" data-e-type=\"widget\" data-widget_type=\"button.default\">\n\t\t\t\t<div class=\"elementor-widget-container\">\n\t\t\t\t\t\t\t\t\t<div class=\"elementor-button-wrapper\">\n\t\t\t\t\t<a class=\"elementor-button elementor-button-link elementor-size-sm\" href=\"https:\/\/a3cert.com\/no\/tilbud\/\">\n\t\t\t\t\t\t<span class=\"elementor-button-content-wrapper\">\n\t\t\t\t\t\t<span class=\"elementor-button-icon\">\n\t\t\t\t<svg xmlns=\"http:\/\/www.w3.org\/2000\/svg\" id=\"Ebene_1\" data-name=\"Ebene 1\" viewBox=\"0 0 32 32\"><defs><style>.cls-1{fill:none;stroke:#000;stroke-linecap:round;stroke-linejoin:round;stroke-width:2px;}<\/style><\/defs><polyline class=\"cls-1\" points=\"21 6 31 16 21 26\"><\/polyline><line class=\"cls-1\" x1=\"7\" y1=\"16\" x2=\"30.33\" y2=\"16\"><\/line><line class=\"cls-1\" x1=\"1\" y1=\"25\" x2=\"1\" y2=\"7\"><\/line><\/svg>\t\t\t<\/span>\n\t\t\t\t\t\t\t\t\t<span class=\"elementor-button-text\">Tilbud<\/span>\n\t\t\t\t\t<\/span>\n\t\t\t\t\t<\/a>\n\t\t\t\t<\/div>\n\t\t\t\t\t\t\t\t<\/div>\n\t\t\t\t<\/div>\n\t\t\t\t<div class=\"elementor-element elementor-element-9086867 elementor-widget__width-auto elementor-mobile-align-left elementor-widget-mobile__width-inherit elementor-widget elementor-widget-button\" data-id=\"9086867\" data-element_type=\"widget\" data-e-type=\"widget\" data-widget_type=\"button.default\">\n\t\t\t\t<div class=\"elementor-widget-container\">\n\t\t\t\t\t\t\t\t\t<div class=\"elementor-button-wrapper\">\n\t\t\t\t\t<a class=\"elementor-button elementor-button-link elementor-size-sm\" href=\"https:\/\/a3cert.com\/no\/kontakt\/\">\n\t\t\t\t\t\t<span class=\"elementor-button-content-wrapper\">\n\t\t\t\t\t\t\t\t\t<span class=\"elementor-button-text\">Kontakt oss<\/span>\n\t\t\t\t\t<\/span>\n\t\t\t\t\t<\/a>\n\t\t\t\t<\/div>\n\t\t\t\t\t\t\t\t<\/div>\n\t\t\t\t<\/div>\n\t\t\t\t\t<\/div>\n\t\t<\/div>\n\t\t\t\t\t<\/div>\n\t\t<\/section>\n\t\t\t\t\t<\/div>\n\t\t<\/div>\n\t\t\t\t\t<\/div>\n\t\t<\/section>\n\t\t\t\t<\/div>\n\t\t","protected":false},"excerpt":{"rendered":"<p>Hjem \/ Om A3CERT\/ Sertifikat utstedt Sertifikat utstedt Kunden, sammen med henvisninger til A3CERT, m\u00e5 bare markedsf\u00f8re sertifiseringer utstedt av A3CERT. Kundene v\u00e5re Vi har utstedt mer enn 1800 sertifikater i Norden og er et av Sveriges st\u00f8rste sertifiseringsorgan. Vi er ikke bare et av Sveriges raskest voksende sertifiseringsorgan, men sannsynligvis ogs\u00e5 sertifiseringsorganet med de [&hellip;]<\/p>\n","protected":false},"author":11,"featured_media":0,"parent":3611,"menu_order":0,"comment_status":"closed","ping_status":"closed","template":"elementor_header_footer","meta":{"_acf_changed":false,"footnotes":""},"class_list":["post-3625","page","type-page","status-publish","hentry"],"acf":[],"_links":{"self":[{"href":"https:\/\/a3cert.com\/no\/wp-json\/wp\/v2\/pages\/3625","targetHints":{"allow":["GET"]}}],"collection":[{"href":"https:\/\/a3cert.com\/no\/wp-json\/wp\/v2\/pages"}],"about":[{"href":"https:\/\/a3cert.com\/no\/wp-json\/wp\/v2\/types\/page"}],"author":[{"embeddable":true,"href":"https:\/\/a3cert.com\/no\/wp-json\/wp\/v2\/users\/11"}],"replies":[{"embeddable":true,"href":"https:\/\/a3cert.com\/no\/wp-json\/wp\/v2\/comments?post=3625"}],"version-history":[{"count":3,"href":"https:\/\/a3cert.com\/no\/wp-json\/wp\/v2\/pages\/3625\/revisions"}],"predecessor-version":[{"id":4602,"href":"https:\/\/a3cert.com\/no\/wp-json\/wp\/v2\/pages\/3625\/revisions\/4602"}],"up":[{"embeddable":true,"href":"https:\/\/a3cert.com\/no\/wp-json\/wp\/v2\/pages\/3611"}],"wp:attachment":[{"href":"https:\/\/a3cert.com\/no\/wp-json\/wp\/v2\/media?parent=3625"}],"curies":[{"name":"wp","href":"https:\/\/api.w.org\/{rel}","templated":true}]}}