{"id":3621,"date":"2022-04-04T10:52:43","date_gmt":"2022-04-04T10:52:43","guid":{"rendered":"https:\/\/a3cert.com\/om-a3cert\/klager-og-apeller\/"},"modified":"2022-08-19T15:08:22","modified_gmt":"2022-08-19T15:08:22","slug":"klager-og-apeller","status":"publish","type":"page","link":"https:\/\/a3cert.com\/no\/om-a3cert\/klager-og-apeller\/","title":{"rendered":"Klager og apeller"},"content":{"rendered":"\t\t<div data-elementor-type=\"wp-page\" data-elementor-id=\"3621\" class=\"elementor elementor-3621 elementor-1172\" data-elementor-post-type=\"page\">\n\t\t\t\t\t\t<section class=\"elementor-section elementor-top-section elementor-element elementor-element-7962885 ac_ns_image_fade elementor-reverse-mobile elementor-section-boxed elementor-section-height-default elementor-section-height-default\" data-id=\"7962885\" data-element_type=\"section\" data-e-type=\"section\" data-settings=\"{&quot;background_background&quot;:&quot;classic&quot;}\">\n\t\t\t\t\t\t\t<div class=\"elementor-background-overlay\"><\/div>\n\t\t\t\t\t\t\t<div class=\"elementor-container elementor-column-gap-default\">\n\t\t\t\t\t<div class=\"elementor-column elementor-col-50 elementor-top-column elementor-element elementor-element-c76491d\" data-id=\"c76491d\" data-element_type=\"column\" data-e-type=\"column\">\n\t\t\t<div class=\"elementor-widget-wrap elementor-element-populated\">\n\t\t\t\t\t\t<div class=\"elementor-element elementor-element-2a3ec72 elementor-widget__width-initial elementor-absolute ac_img elementor-widget-mobile__width-initial elementor-hidden-mobile elementor-widget-tablet__width-initial elementor-widget elementor-widget-image\" data-id=\"2a3ec72\" data-element_type=\"widget\" data-e-type=\"widget\" data-settings=\"{&quot;_position&quot;:&quot;absolute&quot;}\" data-widget_type=\"image.default\">\n\t\t\t\t<div class=\"elementor-widget-container\">\n\t\t\t\t\t\t\t\t\t\t\t\t\t\t\t<img fetchpriority=\"high\" decoding=\"async\" width=\"800\" height=\"532\" src=\"https:\/\/a3cert.com\/wp-content\/uploads\/2022\/07\/inspector-1-1024x681.jpg\" class=\"attachment-large size-large wp-image-2794\" alt=\"\" srcset=\"https:\/\/a3cert.com\/wp-content\/uploads\/2022\/07\/inspector-1-1024x681.jpg 1024w, https:\/\/a3cert.com\/wp-content\/uploads\/2022\/07\/inspector-1-300x200.jpg 300w, https:\/\/a3cert.com\/wp-content\/uploads\/2022\/07\/inspector-1-768x511.jpg 768w, https:\/\/a3cert.com\/wp-content\/uploads\/2022\/07\/inspector-1-1536x1022.jpg 1536w, https:\/\/a3cert.com\/wp-content\/uploads\/2022\/07\/inspector-1-2048x1363.jpg 2048w\" sizes=\"(max-width: 800px) 100vw, 800px\">\t\t\t\t\t\t\t\t\t\t\t\t\t\t\t<\/div>\n\t\t\t\t<\/div>\n\t\t\t\t<section class=\"elementor-section elementor-inner-section elementor-element elementor-element-d3867c7 elementor-section-boxed elementor-section-height-default elementor-section-height-default\" data-id=\"d3867c7\" data-element_type=\"section\" data-e-type=\"section\" data-settings=\"{&quot;sticky&quot;:&quot;top&quot;,&quot;sticky_on&quot;:[&quot;desktop&quot;,&quot;tablet&quot;],&quot;sticky_offset&quot;:140,&quot;sticky_parent&quot;:&quot;yes&quot;,&quot;sticky_effects_offset&quot;:0,&quot;sticky_anchor_link_offset&quot;:0}\">\n\t\t\t\t\t\t<div class=\"elementor-container elementor-column-gap-default\">\n\t\t\t\t\t<div class=\"elementor-column elementor-col-100 elementor-inner-column elementor-element elementor-element-93383ad\" data-id=\"93383ad\" data-element_type=\"column\" data-e-type=\"column\" data-settings=\"{&quot;background_background&quot;:&quot;classic&quot;}\">\n\t\t\t<div class=\"elementor-widget-wrap elementor-element-populated\">\n\t\t\t\t\t\t<div class=\"elementor-element elementor-element-0acc71a elementor-widget elementor-widget-heading\" data-id=\"0acc71a\" data-element_type=\"widget\" data-e-type=\"widget\" data-widget_type=\"heading.default\">\n\t\t\t\t<div class=\"elementor-widget-container\">\n\t\t\t\t\t<h3 class=\"elementor-heading-title elementor-size-default\">Omfanget av v\u00e5r akkreditering\n<\/h3>\t\t\t\t<\/div>\n\t\t\t\t<\/div>\n\t\t\t\t<div class=\"elementor-element elementor-element-60a03e4 elementor-widget elementor-widget-text-editor\" data-id=\"60a03e4\" data-element_type=\"widget\" data-e-type=\"widget\" data-widget_type=\"text-editor.default\">\n\t\t\t\t<div class=\"elementor-widget-container\">\n\t\t\t\t\t\t\t\t\t<p>Via SWEDACs akkrediteringsregister kan du lese om hvilke omfang (n\u00e6ringer) vi i dag er akkreditert for.<\/p><p>Vi tar l\u00f8pende beslutninger om vi skal utvide akkrediteringen v\u00e5r med flere bransjeomr\u00e5der. Derfor \u00f8nsker vi velkommen til \u00e5 kontakte oss selv om akkurat ditt omr\u00e5de mangler fra den gjeldende listen.<\/p>\t\t\t\t\t\t\t\t<\/div>\n\t\t\t\t<\/div>\n\t\t\t\t<div class=\"elementor-element elementor-element-f6b0c73 elementor-widget__width-auto elementor-mobile-align-center elementor-widget-mobile__width-inherit elementor-widget elementor-widget-button\" data-id=\"f6b0c73\" data-element_type=\"widget\" data-e-type=\"widget\" data-widget_type=\"button.default\">\n\t\t\t\t<div class=\"elementor-widget-container\">\n\t\t\t\t\t\t\t\t\t<div class=\"elementor-button-wrapper\">\n\t\t\t\t\t<a class=\"elementor-button elementor-button-link elementor-size-sm\" href=\"https:\/\/a3cert.com\/no\/tilbud\/\">\n\t\t\t\t\t\t<span class=\"elementor-button-content-wrapper\">\n\t\t\t\t\t\t<span class=\"elementor-button-icon\">\n\t\t\t\t<svg xmlns=\"http:\/\/www.w3.org\/2000\/svg\" id=\"Ebene_1\" data-name=\"Ebene 1\" viewBox=\"0 0 32 32\"><defs><style>.cls-1{fill:none;stroke:#000;stroke-linecap:round;stroke-linejoin:round;stroke-width:2px;}<\/style><\/defs><polyline class=\"cls-1\" points=\"21 6 31 16 21 26\"><\/polyline><line class=\"cls-1\" x1=\"7\" y1=\"16\" x2=\"30.33\" y2=\"16\"><\/line><line class=\"cls-1\" x1=\"1\" y1=\"25\" x2=\"1\" y2=\"7\"><\/line><\/svg>\t\t\t<\/span>\n\t\t\t\t\t\t\t\t\t<span class=\"elementor-button-text\">Tilbud<\/span>\n\t\t\t\t\t<\/span>\n\t\t\t\t\t<\/a>\n\t\t\t\t<\/div>\n\t\t\t\t\t\t\t\t<\/div>\n\t\t\t\t<\/div>\n\t\t\t\t\t<\/div>\n\t\t<\/div>\n\t\t\t\t\t<\/div>\n\t\t<\/section>\n\t\t\t\t\t<\/div>\n\t\t<\/div>\n\t\t\t\t<div class=\"elementor-column elementor-col-50 elementor-top-column elementor-element elementor-element-f89e527 ac_i\" data-id=\"f89e527\" data-element_type=\"column\" data-e-type=\"column\" data-settings=\"{&quot;background_background&quot;:&quot;classic&quot;}\">\n\t\t\t<div class=\"elementor-widget-wrap elementor-element-populated\">\n\t\t\t\t\t\t<div class=\"elementor-element elementor-element-e114c9b breadcrumb elementor-widget elementor-widget-heading\" data-id=\"e114c9b\" data-element_type=\"widget\" data-e-type=\"widget\" data-widget_type=\"heading.default\">\n\t\t\t\t<div class=\"elementor-widget-container\">\n\t\t\t\t\t<div class=\"elementor-heading-title elementor-size-default\"> <a href=\"\/\">Hjem<\/a> \/ <a href=\"https:\/\/a3cert.com\/no\/om-a3cert\/\">Om A3CERT<\/a>\/ Klager og appeller<\/div>\t\t\t\t<\/div>\n\t\t\t\t<\/div>\n\t\t\t\t<div class=\"elementor-element elementor-element-b8c6d45 elementor-widget elementor-widget-heading\" data-id=\"b8c6d45\" data-element_type=\"widget\" data-e-type=\"widget\" data-widget_type=\"heading.default\">\n\t\t\t\t<div class=\"elementor-widget-container\">\n\t\t\t\t\t<h1 class=\"elementor-heading-title elementor-size-default\">Klager og apeller<\/h1>\t\t\t\t<\/div>\n\t\t\t\t<\/div>\n\t\t\t\t<div class=\"elementor-element elementor-element-3c0f77d elementor-widget elementor-widget-text-editor\" data-id=\"3c0f77d\" data-element_type=\"widget\" data-e-type=\"widget\" data-widget_type=\"text-editor.default\">\n\t\t\t\t<div class=\"elementor-widget-container\">\n\t\t\t\t\t\t\t\t\t<p>Fullstendig uavhengighet er et grunnleggende krav for oss som et akkreditert sertifiseringsorgan. Vi streber ogs\u00e5 etter \u00e5 stadig utvikle og forbedre v\u00e5r egen arbeidsprosess. Tilbakemelding, klager og appeller er en viktig del av dette arbeidet, og noe vi h\u00e5ndterer med stor respekt og n\u00f8yaktighet. Vi f\u00e5r veldig positive tilbakemeldinger fra v\u00e5re kunder.<\/p><p>Men hvis du av en eller annen grunn er misforn\u00f8yd med tjenestene v\u00e5re, \u00f8nsker vi definitivt at du gir denne tilbakemelding til oss.<\/p>\t\t\t\t\t\t\t\t<\/div>\n\t\t\t\t<\/div>\n\t\t\t\t<div class=\"elementor-element elementor-element-8f99b21 elementor-widget-divider--view-line elementor-widget elementor-widget-divider\" data-id=\"8f99b21\" data-element_type=\"widget\" data-e-type=\"widget\" data-widget_type=\"divider.default\">\n\t\t\t\t<div class=\"elementor-widget-container\">\n\t\t\t\t\t\t\t<div class=\"elementor-divider\">\n\t\t\t<span class=\"elementor-divider-separator\">\n\t\t\t\t\t\t<\/span>\n\t\t<\/div>\n\t\t\t\t\t\t<\/div>\n\t\t\t\t<\/div>\n\t\t\t\t<div class=\"elementor-element elementor-element-166a5f4 elementor-widget elementor-widget-heading\" data-id=\"166a5f4\" data-element_type=\"widget\" data-e-type=\"widget\" data-widget_type=\"heading.default\">\n\t\t\t\t<div class=\"elementor-widget-container\">\n\t\t\t\t\t<h2 class=\"elementor-heading-title elementor-size-default\">Vi deler den negative tilbakemeldingen i tre typer.<\/h2>\t\t\t\t<\/div>\n\t\t\t\t<\/div>\n\t\t\t\t<div class=\"elementor-element elementor-element-d34b529 elementor-widget elementor-widget-text-editor\" data-id=\"d34b529\" data-element_type=\"widget\" data-e-type=\"widget\" data-widget_type=\"text-editor.default\">\n\t\t\t\t<div class=\"elementor-widget-container\">\n\t\t\t\t\t\t\t\t\t<ul><li><strong>Klager<\/strong> &#8211; for alvorlige mangler, noe du vil at vi skal unders\u00f8ke formelt &#8211; fyll ut skjemaet nedenfor<\/li><li><strong>Apeller<\/strong> &#8211; n\u00e5r du er misforn\u00f8yd med noen avgj\u00f8relser vi har tatt, for eksempel et sertifiseringsvedtak eller suspensjon av sertifikater &#8211; fyll ut skjemaet nedenfor<\/li><li><strong>Utilfredshet<\/strong>. Hvis du er misforn\u00f8yd med noen del av tjenestene v\u00e5re (men du ikke tror det er alvorlig), foretrekker vi at du kontakter oss direkte p\u00e5 kontoret via telefon eller melding <a href=\"https:\/\/a3cert.com\/no\/kontakt\/\" target=\"_blank\" rel=\"noopener\">kontakt oss<\/a>.<\/li><\/ul><p>For klager og klager vil v\u00e5r administrerende direkt\u00f8r og kvalitetssjef unders\u00f8ke grunnlaget for klagen \/ anken og foresl\u00e5 en passende handling. Hvis du ikke er forn\u00f8yd med tiltaket vi foresl\u00e5r og velger \u00e5 ikke godta det, vil sp\u00f8rsm\u00e5let ditt bli henvist til r\u00e5dgivende styre. Det r\u00e5dgivende styret vil da som uavhengig tredjepart kontakte deg for videre utredning og deretter foresl\u00e5 en handling.<\/p><p>For \u00e5 sikre upartisk h\u00e5ndtering av klager og appeller, er det ogs\u00e5 muligheten til \u00e5 kontakte r\u00e5dgivende styre direkte. Kontakt v\u00e5r kvalitetssjef Cecilia Fransson, s\u00e5 hjelper hun deg med kontaktinformasjon der.<\/p>\t\t\t\t\t\t\t\t<\/div>\n\t\t\t\t<\/div>\n\t\t\t\t<div class=\"elementor-element elementor-element-e44afb0 elementor-widget-divider--view-line elementor-widget elementor-widget-divider\" data-id=\"e44afb0\" data-element_type=\"widget\" data-e-type=\"widget\" data-widget_type=\"divider.default\">\n\t\t\t\t<div class=\"elementor-widget-container\">\n\t\t\t\t\t\t\t<div class=\"elementor-divider\">\n\t\t\t<span class=\"elementor-divider-separator\">\n\t\t\t\t\t\t<\/span>\n\t\t<\/div>\n\t\t\t\t\t\t<\/div>\n\t\t\t\t<\/div>\n\t\t\t\t<div class=\"elementor-element elementor-element-204a6bc elementor-widget elementor-widget-heading\" data-id=\"204a6bc\" data-element_type=\"widget\" data-e-type=\"widget\" data-widget_type=\"heading.default\">\n\t\t\t\t<div class=\"elementor-widget-container\">\n\t\t\t\t\t<h2 class=\"elementor-heading-title elementor-size-default\">Kundeklager\/Appeller mot AAA Certification AB<\/h2>\t\t\t\t<\/div>\n\t\t\t\t<\/div>\n\t\t\t\t<div class=\"elementor-element elementor-element-571ad16 elementor-widget elementor-widget-shortcode\" data-id=\"571ad16\" data-element_type=\"widget\" data-e-type=\"widget\" data-widget_type=\"shortcode.default\">\n\t\t\t\t<div class=\"elementor-widget-container\">\n\t\t\t\t\t\t\t<div class=\"elementor-shortcode\"><div class=\"wpforms-container wpforms-container-full\" id=\"wpforms-3208\"><form id=\"wpforms-form-3208\" class=\"wpforms-validate wpforms-form wpforms-ajax-form\" data-formid=\"3208\" method=\"post\" enctype=\"multipart\/form-data\" action=\"\/no\/wp-json\/wp\/v2\/pages\/3621\" data-token=\"8408002923aebe97fcfaf675538e6329\"><noscript class=\"wpforms-error-noscript\">Please enable JavaScript in your browser to complete this form.<\/noscript><div class=\"wpforms-field-container\"><div id=\"wpforms-3208-field_2-container\" class=\"wpforms-field wpforms-field-select wpforms-field-select-style-classic\" data-field-id=\"2\"><label class=\"wpforms-field-label\" for=\"wpforms-3208-field_2\">Type sak? <span class=\"wpforms-required-label\">*<\/span><\/label><select id=\"wpforms-3208-field_2\" class=\"wpforms-field-large wpforms-field-required\" name=\"wpforms[fields][2]\" required=\"required\"><option value=\"Klager\" >Klager<\/option><option value=\"Apeller\" >Apeller<\/option><\/select><\/div><div id=\"wpforms-3208-field_3-container\" class=\"wpforms-field wpforms-field-text wpforms-one-half wpforms-first wpforms-mobile-full\" data-field-id=\"3\"><label class=\"wpforms-field-label\" for=\"wpforms-3208-field_3\">Navn<\/label><input type=\"text\" id=\"wpforms-3208-field_3\" class=\"wpforms-field-large\" name=\"wpforms[fields][3]\" ><\/div><div id=\"wpforms-3208-field_4-container\" class=\"wpforms-field wpforms-field-text wpforms-one-half wpforms-mobile-full\" data-field-id=\"4\"><label class=\"wpforms-field-label\" for=\"wpforms-3208-field_4\">Selskapsnavn<\/label><input type=\"text\" id=\"wpforms-3208-field_4\" class=\"wpforms-field-large\" name=\"wpforms[fields][4]\" ><\/div><div id=\"wpforms-3208-field_6-container\" class=\"wpforms-field wpforms-field-phone\" data-field-id=\"6\"><label class=\"wpforms-field-label\" for=\"wpforms-3208-field_6\">Telefonnummer <span class=\"wpforms-required-label\">*<\/span><\/label><input type=\"tel\" id=\"wpforms-3208-field_6\" class=\"wpforms-field-large wpforms-field-required wpforms-smart-phone-field\" data-rule-smart-phone-field=\"true\" name=\"wpforms[fields][6]\" required><\/div><div id=\"wpforms-3208-field_7-container\" class=\"wpforms-field wpforms-field-email\" data-field-id=\"7\"><label class=\"wpforms-field-label\" for=\"wpforms-3208-field_7\">E-post <span class=\"wpforms-required-label\">*<\/span><\/label><input type=\"email\" id=\"wpforms-3208-field_7\" class=\"wpforms-field-large wpforms-field-required\" name=\"wpforms[fields][7]\" spellcheck=\"false\" required><\/div><div id=\"wpforms-3208-field_9-container\" class=\"wpforms-field wpforms-field-text wpforms-two-fourths wpforms-first wpforms-mobile-full\" data-field-id=\"9\"><label class=\"wpforms-field-label\" for=\"wpforms-3208-field_9\">Postadresse<\/label><input type=\"text\" id=\"wpforms-3208-field_9\" class=\"wpforms-field-large\" name=\"wpforms[fields][9]\" ><\/div><div id=\"wpforms-3208-field_10-container\" class=\"wpforms-field wpforms-field-text wpforms-one-fourth wpforms-mobile-full\" data-field-id=\"10\"><label class=\"wpforms-field-label\" for=\"wpforms-3208-field_10\">Post kode<\/label><input type=\"text\" id=\"wpforms-3208-field_10\" class=\"wpforms-field-large\" name=\"wpforms[fields][10]\" ><\/div><div id=\"wpforms-3208-field_11-container\" class=\"wpforms-field wpforms-field-text wpforms-one-fourth wpforms-mobile-full\" data-field-id=\"11\"><label class=\"wpforms-field-label\" for=\"wpforms-3208-field_11\">Post sted<\/label><input type=\"text\" id=\"wpforms-3208-field_11\" class=\"wpforms-field-large\" name=\"wpforms[fields][11]\" ><\/div><div id=\"wpforms-3208-field_8-container\" class=\"wpforms-field wpforms-field-textarea\" data-field-id=\"8\"><label class=\"wpforms-field-label\" for=\"wpforms-3208-field_8\"> Beskrivelse av saken (hendelsesforl\u00f8p og motivasjon) <span class=\"wpforms-required-label\">*<\/span><\/label><textarea id=\"wpforms-3208-field_8\" class=\"wpforms-field-medium wpforms-field-required\" name=\"wpforms[fields][8]\" required><\/textarea><\/div><div id=\"wpforms-3208-field_12-container\" class=\"wpforms-field wpforms-field-gdpr-checkbox\" data-field-id=\"12\"><ul id=\"wpforms-3208-field_12\" class=\"wpforms-field-required\"><li class=\"choice-1\"><input type=\"checkbox\" id=\"wpforms-3208-field_12_1\" name=\"wpforms[fields][12][]\" value=\"A3CERT har oppdatert sine leveringsbetingelser i henhold til databeskyttelsesforordningen. Personopplysninger h\u00e5ndteres i henhold til &lt;a href=&quot;https:\/\/www.a3cert.webicient.se\/integritetspolicy\/&quot;&gt;personvernerkl\u00e6ringen&lt;\/a&gt;. Ved \u00e5 klikke p\u00e5 denne boksen gir du ditt samtykke til disse vilk\u00e5rene.\" required ><label class=\"wpforms-field-label-inline\" for=\"wpforms-3208-field_12_1\">A3CERT har oppdatert sine leveringsbetingelser i henhold til databeskyttelsesforordningen. Personopplysninger h\u00e5ndteres i henhold til <a href=\"https:\/\/www.a3cert.webicient.se\/integritetspolicy\/\" target=\"_blank\" rel=\"noopener\">personvernerkl\u00e6ringen<\/a>. Ved \u00e5 klikke p\u00e5 denne boksen gir du ditt samtykke til disse vilk\u00e5rene.<\/label><\/li><\/ul><\/div><\/div><!-- .wpforms-field-container --><div class=\"wpforms-submit-container\" ><input type=\"hidden\" name=\"wpforms[id]\" value=\"3208\"><input type=\"hidden\" name=\"wpforms[author]\" value=\"11\"><button type=\"submit\" name=\"wpforms[submit]\" id=\"wpforms-submit-3208\" class=\"wpforms-submit\" data-alt-text=\"Sender \u2026\" data-submit-text=\"Sende\" aria-live=\"assertive\" value=\"wpforms-submit\">Sende<\/button><img decoding=\"async\" src=\"https:\/\/a3cert.com\/wp-content\/plugins\/wpforms\/assets\/images\/submit-spin.svg\" class=\"wpforms-submit-spinner\" style=\"display: none;\" width=\"26\" height=\"26\" alt=\"Loading\"><\/div><\/form><\/div>  <!-- .wpforms-container --><\/div>\n\t\t\t\t\t\t<\/div>\n\t\t\t\t<\/div>\n\t\t\t\t\t<\/div>\n\t\t<\/div>\n\t\t\t\t\t<\/div>\n\t\t<\/section>\n\t\t\t\t<\/div>\n\t\t","protected":false},"excerpt":{"rendered":"<p>Omfanget av v\u00e5r akkreditering Via SWEDACs akkrediteringsregister kan du lese om hvilke omfang (n\u00e6ringer) vi i dag er akkreditert for. Vi tar l\u00f8pende beslutninger om vi skal utvide akkrediteringen v\u00e5r med flere bransjeomr\u00e5der. Derfor \u00f8nsker vi velkommen til \u00e5 kontakte oss selv om akkurat ditt omr\u00e5de mangler fra den gjeldende listen. Tilbud Hjem \/ Om [&hellip;]<\/p>\n","protected":false},"author":11,"featured_media":0,"parent":3611,"menu_order":0,"comment_status":"closed","ping_status":"closed","template":"elementor_header_footer","meta":{"_acf_changed":false,"footnotes":""},"class_list":["post-3621","page","type-page","status-publish","hentry"],"acf":[],"_links":{"self":[{"href":"https:\/\/a3cert.com\/no\/wp-json\/wp\/v2\/pages\/3621","targetHints":{"allow":["GET"]}}],"collection":[{"href":"https:\/\/a3cert.com\/no\/wp-json\/wp\/v2\/pages"}],"about":[{"href":"https:\/\/a3cert.com\/no\/wp-json\/wp\/v2\/types\/page"}],"author":[{"embeddable":true,"href":"https:\/\/a3cert.com\/no\/wp-json\/wp\/v2\/users\/11"}],"replies":[{"embeddable":true,"href":"https:\/\/a3cert.com\/no\/wp-json\/wp\/v2\/comments?post=3621"}],"version-history":[{"count":5,"href":"https:\/\/a3cert.com\/no\/wp-json\/wp\/v2\/pages\/3621\/revisions"}],"predecessor-version":[{"id":4143,"href":"https:\/\/a3cert.com\/no\/wp-json\/wp\/v2\/pages\/3621\/revisions\/4143"}],"up":[{"embeddable":true,"href":"https:\/\/a3cert.com\/no\/wp-json\/wp\/v2\/pages\/3611"}],"wp:attachment":[{"href":"https:\/\/a3cert.com\/no\/wp-json\/wp\/v2\/media?parent=3621"}],"curies":[{"name":"wp","href":"https:\/\/api.w.org\/{rel}","templated":true}]}}