{"id":3611,"date":"2022-04-02T19:29:23","date_gmt":"2022-04-02T19:29:23","guid":{"rendered":"https:\/\/a3cert.com\/om-a3cert\/"},"modified":"2022-08-25T18:41:50","modified_gmt":"2022-08-25T18:41:50","slug":"om-a3cert","status":"publish","type":"page","link":"https:\/\/a3cert.com\/no\/om-a3cert\/","title":{"rendered":"Om A3CERT"},"content":{"rendered":"\t\t<div data-elementor-type=\"wp-page\" data-elementor-id=\"3611\" class=\"elementor elementor-3611 elementor-524\" data-elementor-post-type=\"page\">\n\t\t\t\t\t\t<section class=\"elementor-section elementor-top-section elementor-element elementor-element-b9304b5 ac_ns_image_fade elementor-reverse-mobile elementor-section-boxed elementor-section-height-default elementor-section-height-default\" data-id=\"b9304b5\" data-element_type=\"section\" data-e-type=\"section\" data-settings=\"{&quot;background_background&quot;:&quot;classic&quot;}\">\n\t\t\t\t\t\t\t<div class=\"elementor-background-overlay\"><\/div>\n\t\t\t\t\t\t\t<div class=\"elementor-container elementor-column-gap-default\">\n\t\t\t\t\t<div class=\"elementor-column elementor-col-50 elementor-top-column elementor-element elementor-element-110b48c\" data-id=\"110b48c\" data-element_type=\"column\" data-e-type=\"column\">\n\t\t\t<div class=\"elementor-widget-wrap elementor-element-populated\">\n\t\t\t\t\t\t<div class=\"elementor-element elementor-element-fdd85c0 elementor-widget__width-initial elementor-absolute ac_img elementor-hidden-tablet elementor-widget elementor-widget-image\" data-id=\"fdd85c0\" data-element_type=\"widget\" data-e-type=\"widget\" data-settings=\"{&quot;_position&quot;:&quot;absolute&quot;}\" data-widget_type=\"image.default\">\n\t\t\t\t<div class=\"elementor-widget-container\">\n\t\t\t\t\t\t\t\t\t\t\t\t\t\t\t<img fetchpriority=\"high\" decoding=\"async\" width=\"800\" height=\"604\" src=\"https:\/\/a3cert.com\/wp-content\/uploads\/2022\/07\/b-1-1024x773.png\" class=\"attachment-large size-large wp-image-2790\" alt=\"\" srcset=\"https:\/\/a3cert.com\/wp-content\/uploads\/2022\/07\/b-1-1024x773.png 1024w, https:\/\/a3cert.com\/wp-content\/uploads\/2022\/07\/b-1-300x227.png 300w, https:\/\/a3cert.com\/wp-content\/uploads\/2022\/07\/b-1-768x580.png 768w, https:\/\/a3cert.com\/wp-content\/uploads\/2022\/07\/b-1.png 1470w\" sizes=\"(max-width: 800px) 100vw, 800px\">\t\t\t\t\t\t\t\t\t\t\t\t\t\t\t<\/div>\n\t\t\t\t<\/div>\n\t\t\t\t\t<\/div>\n\t\t<\/div>\n\t\t\t\t<div class=\"elementor-column elementor-col-50 elementor-top-column elementor-element elementor-element-1f931c7\" data-id=\"1f931c7\" data-element_type=\"column\" data-e-type=\"column\">\n\t\t\t<div class=\"elementor-widget-wrap elementor-element-populated\">\n\t\t\t\t\t\t<div class=\"elementor-element elementor-element-e89b07a breadcrumb elementor-widget elementor-widget-heading\" data-id=\"e89b07a\" data-element_type=\"widget\" data-e-type=\"widget\" data-widget_type=\"heading.default\">\n\t\t\t\t<div class=\"elementor-widget-container\">\n\t\t\t\t\t<div class=\"elementor-heading-title elementor-size-default\"> <a href=\"\/\">Hjem<\/a> \/ OM A3CERT<\/div>\t\t\t\t<\/div>\n\t\t\t\t<\/div>\n\t\t\t\t<div class=\"elementor-element elementor-element-ac39073 elementor-widget elementor-widget-heading\" data-id=\"ac39073\" data-element_type=\"widget\" data-e-type=\"widget\" data-widget_type=\"heading.default\">\n\t\t\t\t<div class=\"elementor-widget-container\">\n\t\t\t\t\t<h1 class=\"elementor-heading-title elementor-size-default\">Det komplette sertifiseringsorganet<\/h1>\t\t\t\t<\/div>\n\t\t\t\t<\/div>\n\t\t\t\t<div class=\"elementor-element elementor-element-9c24843 elementor-widget elementor-widget-text-editor\" data-id=\"9c24843\" data-element_type=\"widget\" data-e-type=\"widget\" data-widget_type=\"text-editor.default\">\n\t\t\t\t<div class=\"elementor-widget-container\">\n\t\t\t\t\t\t\t\t\tAAA certification, ogs\u00e5 kalt A3CERT, er et privateid aksjeselskap. Det er ogs\u00e5 et datterselskap i Norge &#8211; A3CERT Sertifisering AS.\nEieren er Evert Larsson med familie. Det er ingen andre eierinteresser som f.eks. m\u00e5te. konsulentfirma, bransjeforening eller annen konstellasjon som kan nytes ved direkte eller indirekte eierskap. A3CERT er fullfinansiert gjennom inntektene generert av sertifiseringsvirksomheten.\t\t\t\t\t\t\t\t<\/div>\n\t\t\t\t<\/div>\n\t\t\t\t\t<\/div>\n\t\t<\/div>\n\t\t\t\t\t<\/div>\n\t\t<\/section>\n\t\t\t\t<section class=\"elementor-section elementor-top-section elementor-element elementor-element-35bfc31 ac_fade elementor-section-boxed elementor-section-height-default elementor-section-height-default\" data-id=\"35bfc31\" data-element_type=\"section\" data-e-type=\"section\" data-settings=\"{&quot;background_background&quot;:&quot;gradient&quot;}\">\n\t\t\t\t\t\t\t<div class=\"elementor-background-overlay\"><\/div>\n\t\t\t\t\t\t\t<div class=\"elementor-container elementor-column-gap-default\">\n\t\t\t\t\t<div class=\"elementor-column elementor-col-100 elementor-top-column elementor-element elementor-element-df51223\" data-id=\"df51223\" data-element_type=\"column\" data-e-type=\"column\">\n\t\t\t<div class=\"elementor-widget-wrap elementor-element-populated\">\n\t\t\t\t\t\t<section class=\"elementor-section elementor-inner-section elementor-element elementor-element-0ec390a elementor-section-full_width ac_fade_i elementor-section-height-default elementor-section-height-default\" data-id=\"0ec390a\" data-element_type=\"section\" data-e-type=\"section\">\n\t\t\t\t\t\t<div class=\"elementor-container elementor-column-gap-default\">\n\t\t\t\t\t<div class=\"elementor-column elementor-col-50 elementor-inner-column elementor-element elementor-element-4180680\" data-id=\"4180680\" data-element_type=\"column\" data-e-type=\"column\">\n\t\t\t<div class=\"elementor-widget-wrap elementor-element-populated\">\n\t\t\t\t\t\t<div class=\"elementor-element elementor-element-41ec975 elementor-widget elementor-widget-heading\" data-id=\"41ec975\" data-element_type=\"widget\" data-e-type=\"widget\" data-widget_type=\"heading.default\">\n\t\t\t\t<div class=\"elementor-widget-container\">\n\t\t\t\t\t<h2 class=\"elementor-heading-title elementor-size-default\">V\u00e5r historie<\/h2>\t\t\t\t<\/div>\n\t\t\t\t<\/div>\n\t\t\t\t<div class=\"elementor-element elementor-element-f538e6d elementor-widget elementor-widget-heading\" data-id=\"f538e6d\" data-element_type=\"widget\" data-e-type=\"widget\" data-widget_type=\"heading.default\">\n\t\t\t\t<div class=\"elementor-widget-container\">\n\t\t\t\t\t<h2 class=\"elementor-heading-title elementor-size-default\">A3CERT - et av Sveriges ledende sertifiseringsorgan<\/h2>\t\t\t\t<\/div>\n\t\t\t\t<\/div>\n\t\t\t\t\t<\/div>\n\t\t<\/div>\n\t\t\t\t<div class=\"elementor-column elementor-col-50 elementor-inner-column elementor-element elementor-element-68861e2\" data-id=\"68861e2\" data-element_type=\"column\" data-e-type=\"column\">\n\t\t\t<div class=\"elementor-widget-wrap\">\n\t\t\t\t\t\t\t<\/div>\n\t\t<\/div>\n\t\t\t\t\t<\/div>\n\t\t<\/section>\n\t\t\t\t<section class=\"elementor-section elementor-inner-section elementor-element elementor-element-09bc513 elementor-section-full_width ac_fade_i elementor-section-height-default elementor-section-height-default\" data-id=\"09bc513\" data-element_type=\"section\" data-e-type=\"section\">\n\t\t\t\t\t\t<div class=\"elementor-container elementor-column-gap-default\">\n\t\t\t\t\t<div class=\"elementor-column elementor-col-25 elementor-inner-column elementor-element elementor-element-408c014\" data-id=\"408c014\" data-element_type=\"column\" data-e-type=\"column\" data-settings=\"{&quot;background_background&quot;:&quot;classic&quot;}\">\n\t\t\t<div class=\"elementor-widget-wrap elementor-element-populated\">\n\t\t\t\t\t\t<div class=\"elementor-element elementor-element-bb4927e elementor-widget elementor-widget-heading\" data-id=\"bb4927e\" data-element_type=\"widget\" data-e-type=\"widget\" data-widget_type=\"heading.default\">\n\t\t\t\t<div class=\"elementor-widget-container\">\n\t\t\t\t\t<div class=\"elementor-heading-title elementor-size-default\">2007<\/div>\t\t\t\t<\/div>\n\t\t\t\t<\/div>\n\t\t\t\t<div class=\"elementor-element elementor-element-59c9fb7 elementor-widget elementor-widget-text-editor\" data-id=\"59c9fb7\" data-element_type=\"widget\" data-e-type=\"widget\" data-widget_type=\"text-editor.default\">\n\t\t\t\t<div class=\"elementor-widget-container\">\n\t\t\t\t\t\t\t\t\tA3Cert er startet av Leif Strand og Evert Larsson. 24. februar fattet SWEDAC en akkrediteringsbeslutning som ga rett til \u00e5 utstede sertifikater. \t\t\t\t\t\t\t\t<\/div>\n\t\t\t\t<\/div>\n\t\t\t\t\t<\/div>\n\t\t<\/div>\n\t\t\t\t<div class=\"elementor-column elementor-col-25 elementor-inner-column elementor-element elementor-element-7bd636f\" data-id=\"7bd636f\" data-element_type=\"column\" data-e-type=\"column\" data-settings=\"{&quot;background_background&quot;:&quot;classic&quot;}\">\n\t\t\t<div class=\"elementor-widget-wrap elementor-element-populated\">\n\t\t\t\t\t\t<div class=\"elementor-element elementor-element-2ec5ea2 elementor-widget elementor-widget-heading\" data-id=\"2ec5ea2\" data-element_type=\"widget\" data-e-type=\"widget\" data-widget_type=\"heading.default\">\n\t\t\t\t<div class=\"elementor-widget-container\">\n\t\t\t\t\t<div class=\"elementor-heading-title elementor-size-default\">2015<\/div>\t\t\t\t<\/div>\n\t\t\t\t<\/div>\n\t\t\t\t<div class=\"elementor-element elementor-element-a6213f1 elementor-widget elementor-widget-text-editor\" data-id=\"a6213f1\" data-element_type=\"widget\" data-e-type=\"widget\" data-widget_type=\"text-editor.default\">\n\t\t\t\t<div class=\"elementor-widget-container\">\n\t\t\t\t\t\t\t\t\tEvert Larsson og familie kj\u00f8per 50 % av aksjene og blir eneeier \t\t\t\t\t\t\t\t<\/div>\n\t\t\t\t<\/div>\n\t\t\t\t\t<\/div>\n\t\t<\/div>\n\t\t\t\t<div class=\"elementor-column elementor-col-25 elementor-inner-column elementor-element elementor-element-e9f86e1\" data-id=\"e9f86e1\" data-element_type=\"column\" data-e-type=\"column\" data-settings=\"{&quot;background_background&quot;:&quot;classic&quot;}\">\n\t\t\t<div class=\"elementor-widget-wrap elementor-element-populated\">\n\t\t\t\t\t\t<div class=\"elementor-element elementor-element-009d275 elementor-widget elementor-widget-heading\" data-id=\"009d275\" data-element_type=\"widget\" data-e-type=\"widget\" data-widget_type=\"heading.default\">\n\t\t\t\t<div class=\"elementor-widget-container\">\n\t\t\t\t\t<div class=\"elementor-heading-title elementor-size-default\">2017<\/div>\t\t\t\t<\/div>\n\t\t\t\t<\/div>\n\t\t\t\t<div class=\"elementor-element elementor-element-afa56e4 elementor-widget elementor-widget-text-editor\" data-id=\"afa56e4\" data-element_type=\"widget\" data-e-type=\"widget\" data-widget_type=\"text-editor.default\">\n\t\t\t\t<div class=\"elementor-widget-container\">\n\t\t\t\t\t\t\t\t\tA3CERT SERTIFISERING AS er startet som et heleid datterselskap i Norge\t\t\t\t\t\t\t\t<\/div>\n\t\t\t\t<\/div>\n\t\t\t\t\t<\/div>\n\t\t<\/div>\n\t\t\t\t<div class=\"elementor-column elementor-col-25 elementor-inner-column elementor-element elementor-element-a34a4c4\" data-id=\"a34a4c4\" data-element_type=\"column\" data-e-type=\"column\" data-settings=\"{&quot;background_background&quot;:&quot;classic&quot;}\">\n\t\t\t<div class=\"elementor-widget-wrap elementor-element-populated\">\n\t\t\t\t\t\t<div class=\"elementor-element elementor-element-06272a0 elementor-widget elementor-widget-heading\" data-id=\"06272a0\" data-element_type=\"widget\" data-e-type=\"widget\" data-widget_type=\"heading.default\">\n\t\t\t\t<div class=\"elementor-widget-container\">\n\t\t\t\t\t<div class=\"elementor-heading-title elementor-size-default\">2022<\/div>\t\t\t\t<\/div>\n\t\t\t\t<\/div>\n\t\t\t\t<div class=\"elementor-element elementor-element-3a68c53 elementor-widget elementor-widget-text-editor\" data-id=\"3a68c53\" data-element_type=\"widget\" data-e-type=\"widget\" data-widget_type=\"text-editor.default\">\n\t\t\t\t<div class=\"elementor-widget-container\">\n\t\t\t\t\t\t\t\t\t<p>A3CERT har utstedt over 1800 sertifikater mot 14 forskjellige standarder. Fortsatt vekst med flere akkrediteringer p\u00e5 gang<\/p>\t\t\t\t\t\t\t\t<\/div>\n\t\t\t\t<\/div>\n\t\t\t\t\t<\/div>\n\t\t<\/div>\n\t\t\t\t\t<\/div>\n\t\t<\/section>\n\t\t\t\t\t<\/div>\n\t\t<\/div>\n\t\t\t\t\t<\/div>\n\t\t<\/section>\n\t\t\t\t<section class=\"elementor-section elementor-top-section elementor-element elementor-element-437adb8 ac_fade elementor-section-boxed elementor-section-height-default elementor-section-height-default\" data-id=\"437adb8\" data-element_type=\"section\" data-e-type=\"section\" data-settings=\"{&quot;background_background&quot;:&quot;classic&quot;}\">\n\t\t\t\t\t\t\t<div class=\"elementor-background-overlay\"><\/div>\n\t\t\t\t\t\t\t<div class=\"elementor-container elementor-column-gap-default\">\n\t\t\t\t\t<div class=\"elementor-column elementor-col-50 elementor-top-column elementor-element elementor-element-854a65f\" data-id=\"854a65f\" data-element_type=\"column\" data-e-type=\"column\">\n\t\t\t<div class=\"elementor-widget-wrap elementor-element-populated\">\n\t\t\t\t\t\t<div class=\"elementor-element elementor-element-a110c0c ac_fade_i elementor-widget elementor-widget-image\" data-id=\"a110c0c\" data-element_type=\"widget\" data-e-type=\"widget\" data-widget_type=\"image.default\">\n\t\t\t\t<div class=\"elementor-widget-container\">\n\t\t\t\t\t\t\t\t\t\t\t\t\t\t\t<img decoding=\"async\" width=\"800\" height=\"534\" src=\"https:\/\/a3cert.com\/wp-content\/uploads\/2022\/07\/inspector-5-1024x683.jpg\" class=\"attachment-large size-large wp-image-2796\" alt=\"\" srcset=\"https:\/\/a3cert.com\/wp-content\/uploads\/2022\/07\/inspector-5-1024x683.jpg 1024w, https:\/\/a3cert.com\/wp-content\/uploads\/2022\/07\/inspector-5-300x200.jpg 300w, https:\/\/a3cert.com\/wp-content\/uploads\/2022\/07\/inspector-5-768x512.jpg 768w, https:\/\/a3cert.com\/wp-content\/uploads\/2022\/07\/inspector-5-1536x1024.jpg 1536w, https:\/\/a3cert.com\/wp-content\/uploads\/2022\/07\/inspector-5-2048x1365.jpg 2048w\" sizes=\"(max-width: 800px) 100vw, 800px\">\t\t\t\t\t\t\t\t\t\t\t\t\t\t\t<\/div>\n\t\t\t\t<\/div>\n\t\t\t\t\t<\/div>\n\t\t<\/div>\n\t\t\t\t<div class=\"elementor-column elementor-col-50 elementor-top-column elementor-element elementor-element-a3f1ca6 ac_fade_i\" data-id=\"a3f1ca6\" data-element_type=\"column\" data-e-type=\"column\">\n\t\t\t<div class=\"elementor-widget-wrap elementor-element-populated\">\n\t\t\t\t\t\t<div class=\"elementor-element elementor-element-f19bb27 elementor-widget elementor-widget-heading\" data-id=\"f19bb27\" data-element_type=\"widget\" data-e-type=\"widget\" data-widget_type=\"heading.default\">\n\t\t\t\t<div class=\"elementor-widget-container\">\n\t\t\t\t\t<h2 class=\"elementor-heading-title elementor-size-default\">Habilitetspolitikk<\/h2>\t\t\t\t<\/div>\n\t\t\t\t<\/div>\n\t\t\t\t<div class=\"elementor-element elementor-element-1e46769 elementor-widget elementor-widget-heading\" data-id=\"1e46769\" data-element_type=\"widget\" data-e-type=\"widget\" data-widget_type=\"heading.default\">\n\t\t\t\t<div class=\"elementor-widget-container\">\n\t\t\t\t\t<h2 class=\"elementor-heading-title elementor-size-default\">UPARTISKHET - UAVHENGIGHET<\/h2>\t\t\t\t<\/div>\n\t\t\t\t<\/div>\n\t\t\t\t<div class=\"elementor-element elementor-element-96a69cf elementor-widget elementor-widget-text-editor\" data-id=\"96a69cf\" data-element_type=\"widget\" data-e-type=\"widget\" data-widget_type=\"text-editor.default\">\n\t\t\t\t<div class=\"elementor-widget-container\">\n\t\t\t\t\t\t\t\t\t<p>A3CERTs ledelse forst\u00e5r og forplikter seg til \u00e5 overholde kravene til integritet, uavhengighet og upartiskhet som kreves i rollen som akkreditert sertifiseringsorgan.<\/p><p>Gjennom objektivitet, upartiskhet og uavhengighet p\u00e5 alle niv\u00e5er innen A3CERT opprettholder vi troverdigheten til utstedte sertifikater.<\/p><p>A3CERT har prosedyrer og etiske retningslinjer for \u00e5 sikre at alle aktiviteter innenfor A3CERT utf\u00f8res p\u00e5 en upartisk og uavhengig m\u00e5te.<br>Kommersielle, \u00f8konomiske eller andre pressmidler skal ikke tillates \u00e5 p\u00e5virke habilitet.<\/p>\t\t\t\t\t\t\t\t<\/div>\n\t\t\t\t<\/div>\n\t\t\t\t\t<\/div>\n\t\t<\/div>\n\t\t\t\t\t<\/div>\n\t\t<\/section>\n\t\t\t\t<section class=\"elementor-section elementor-top-section elementor-element elementor-element-d9166d7 elementor-section-height-min-height elementor-section-content-middle ac_fade elementor-section-boxed elementor-section-height-default elementor-section-items-middle\" data-id=\"d9166d7\" data-element_type=\"section\" data-e-type=\"section\" data-settings=\"{&quot;background_background&quot;:&quot;classic&quot;}\">\n\t\t\t\t\t\t<div class=\"elementor-container elementor-column-gap-default\">\n\t\t\t\t\t<div class=\"elementor-column elementor-col-50 elementor-top-column elementor-element elementor-element-abba8dd\" data-id=\"abba8dd\" data-element_type=\"column\" data-e-type=\"column\">\n\t\t\t<div class=\"elementor-widget-wrap\">\n\t\t\t\t\t\t\t<\/div>\n\t\t<\/div>\n\t\t\t\t<div class=\"elementor-column elementor-col-50 elementor-top-column elementor-element elementor-element-7059360 ac_fade_i\" data-id=\"7059360\" data-element_type=\"column\" data-e-type=\"column\" data-settings=\"{&quot;background_background&quot;:&quot;classic&quot;}\">\n\t\t\t<div class=\"elementor-widget-wrap elementor-element-populated\">\n\t\t\t\t\t<div class=\"elementor-background-overlay\"><\/div>\n\t\t\t\t\t\t<div class=\"elementor-element elementor-element-4c873b2 elementor-widget elementor-widget-heading\" data-id=\"4c873b2\" data-element_type=\"widget\" data-e-type=\"widget\" data-widget_type=\"heading.default\">\n\t\t\t\t<div class=\"elementor-widget-container\">\n\t\t\t\t\t<h2 class=\"elementor-heading-title elementor-size-default\">Beh\u00f8ver dere hjelp med sertifisering?<\/h2>\t\t\t\t<\/div>\n\t\t\t\t<\/div>\n\t\t\t\t<div class=\"elementor-element elementor-element-a699a33 elementor-widget elementor-widget-text-editor\" data-id=\"a699a33\" data-element_type=\"widget\" data-e-type=\"widget\" data-widget_type=\"text-editor.default\">\n\t\t\t\t<div class=\"elementor-widget-container\">\n\t\t\t\t\t\t\t\t\t<p>Med A3CERT blir sertifiseringen enkel og l\u00f8nnsom. N\u00e5r du kontakter oss f\u00e5r du alltid svar p\u00e5 dine sp\u00f8rsm\u00e5l. Vi tilbyr kompetent og effektiv hjelp med sertifisering, uavhengig av bransje, type virksomhet og hvor i sertifiseringssyklusen du befinner deg n\u00e5.<br><a href=\"https:\/\/a3cert.com\/no\/kontakt\/\">Kontakt oss<\/a> for et tilbud og mer informasjon.<\/p>\t\t\t\t\t\t\t\t<\/div>\n\t\t\t\t<\/div>\n\t\t\t\t<div class=\"elementor-element elementor-element-6e0dcb0 elementor-widget__width-auto elementor-widget elementor-widget-button\" data-id=\"6e0dcb0\" data-element_type=\"widget\" data-e-type=\"widget\" data-widget_type=\"button.default\">\n\t\t\t\t<div class=\"elementor-widget-container\">\n\t\t\t\t\t\t\t\t\t<div class=\"elementor-button-wrapper\">\n\t\t\t\t\t<a class=\"elementor-button elementor-button-link elementor-size-sm\" href=\"https:\/\/a3cert.com\/no\/tilbud\/\">\n\t\t\t\t\t\t<span class=\"elementor-button-content-wrapper\">\n\t\t\t\t\t\t\t\t\t<span class=\"elementor-button-text\">Tilbud<\/span>\n\t\t\t\t\t<\/span>\n\t\t\t\t\t<\/a>\n\t\t\t\t<\/div>\n\t\t\t\t\t\t\t\t<\/div>\n\t\t\t\t<\/div>\n\t\t\t\t\t<\/div>\n\t\t<\/div>\n\t\t\t\t\t<\/div>\n\t\t<\/section>\n\t\t\t\t<\/div>\n\t\t","protected":false},"excerpt":{"rendered":"<p>Hjem \/ OM A3CERT Det komplette sertifiseringsorganet AAA certification, ogs\u00e5 kalt A3CERT, er et privateid aksjeselskap. Det er ogs\u00e5 et datterselskap i Norge &#8211; A3CERT Sertifisering AS. Eieren er Evert Larsson med familie. Det er ingen andre eierinteresser som f.eks. m\u00e5te. konsulentfirma, bransjeforening eller annen konstellasjon som kan nytes ved direkte eller indirekte eierskap. A3CERT [&hellip;]<\/p>\n","protected":false},"author":11,"featured_media":0,"parent":0,"menu_order":0,"comment_status":"closed","ping_status":"closed","template":"elementor_header_footer","meta":{"_acf_changed":false,"footnotes":""},"class_list":["post-3611","page","type-page","status-publish","hentry"],"acf":[],"_links":{"self":[{"href":"https:\/\/a3cert.com\/no\/wp-json\/wp\/v2\/pages\/3611","targetHints":{"allow":["GET"]}}],"collection":[{"href":"https:\/\/a3cert.com\/no\/wp-json\/wp\/v2\/pages"}],"about":[{"href":"https:\/\/a3cert.com\/no\/wp-json\/wp\/v2\/types\/page"}],"author":[{"embeddable":true,"href":"https:\/\/a3cert.com\/no\/wp-json\/wp\/v2\/users\/11"}],"replies":[{"embeddable":true,"href":"https:\/\/a3cert.com\/no\/wp-json\/wp\/v2\/comments?post=3611"}],"version-history":[{"count":8,"href":"https:\/\/a3cert.com\/no\/wp-json\/wp\/v2\/pages\/3611\/revisions"}],"predecessor-version":[{"id":4228,"href":"https:\/\/a3cert.com\/no\/wp-json\/wp\/v2\/pages\/3611\/revisions\/4228"}],"wp:attachment":[{"href":"https:\/\/a3cert.com\/no\/wp-json\/wp\/v2\/media?parent=3611"}],"curies":[{"name":"wp","href":"https:\/\/api.w.org\/{rel}","templated":true}]}}