{"id":3596,"date":"2022-04-02T19:29:17","date_gmt":"2022-04-02T19:29:17","guid":{"rendered":"https:\/\/a3cert.com\/endre-til-a3cert\/"},"modified":"2022-08-25T18:42:46","modified_gmt":"2022-08-25T18:42:46","slug":"endre-til-a3cert","status":"publish","type":"page","link":"https:\/\/a3cert.com\/no\/endre-til-a3cert\/","title":{"rendered":"Endre til A3CERT"},"content":{"rendered":"\t\t<div data-elementor-type=\"wp-page\" data-elementor-id=\"3596\" class=\"elementor elementor-3596 elementor-522\" data-elementor-post-type=\"page\">\n\t\t\t\t\t\t<section class=\"elementor-section elementor-top-section elementor-element elementor-element-97be3c4 ac_ns_image_fade elementor-section-boxed elementor-section-height-default elementor-section-height-default\" data-id=\"97be3c4\" data-element_type=\"section\" data-e-type=\"section\" data-settings=\"{&quot;background_background&quot;:&quot;classic&quot;}\">\n\t\t\t\t\t\t\t<div class=\"elementor-background-overlay\"><\/div>\n\t\t\t\t\t\t\t<div class=\"elementor-container elementor-column-gap-default\">\n\t\t\t\t\t<div class=\"elementor-column elementor-col-50 elementor-top-column elementor-element elementor-element-9515597 ac_i\" data-id=\"9515597\" data-element_type=\"column\" data-e-type=\"column\">\n\t\t\t<div class=\"elementor-widget-wrap elementor-element-populated\">\n\t\t\t\t\t\t<div class=\"elementor-element elementor-element-b50230a breadcrumb elementor-widget elementor-widget-heading\" data-id=\"b50230a\" data-element_type=\"widget\" data-e-type=\"widget\" data-widget_type=\"heading.default\">\n\t\t\t\t<div class=\"elementor-widget-container\">\n\t\t\t\t\t<div class=\"elementor-heading-title elementor-size-default\"> <a href=\"\/\">Hjem<\/a> \/ ENDRE TIL A3CERT<\/div>\t\t\t\t<\/div>\n\t\t\t\t<\/div>\n\t\t\t\t<div class=\"elementor-element elementor-element-ef3c5ec elementor-widget elementor-widget-heading\" data-id=\"ef3c5ec\" data-element_type=\"widget\" data-e-type=\"widget\" data-widget_type=\"heading.default\">\n\t\t\t\t<div class=\"elementor-widget-container\">\n\t\t\t\t\t<h1 class=\"elementor-heading-title elementor-size-default\">Det \u00e4r l\u00e4tt att <br>endre til oss.<\/h1>\t\t\t\t<\/div>\n\t\t\t\t<\/div>\n\t\t\t\t<div class=\"elementor-element elementor-element-5443a74 elementor-widget elementor-widget-text-editor\" data-id=\"5443a74\" data-element_type=\"widget\" data-e-type=\"widget\" data-widget_type=\"text-editor.default\">\n\t\t\t\t<div class=\"elementor-widget-container\">\n\t\t\t\t\t\t\t\t\tVi kan ta over befintliga sertifikater n\u00e5r som helst i en sertifikatperiod. Ingen fornyelserevision kr\u00e4vs og ingen ekstra ekstra kostnader tilkommer. Ni \u00e4r allts\u00e5 v\u00e4lkomna att byta till oss som certifieringsorgan n\u00e4r ni vill &#8211; det m\u00e5 ikke v\u00e6re relevant under oppdateringerrevision eller f\u00f6rnyelse av certifikatet. \t\t\t\t\t\t\t\t<\/div>\n\t\t\t\t<\/div>\n\t\t\t\t<div class=\"elementor-element elementor-element-5a9959c elementor-widget__width-auto elementor-mobile-align-left elementor-widget-mobile__width-inherit elementor-widget elementor-widget-button\" data-id=\"5a9959c\" data-element_type=\"widget\" data-e-type=\"widget\" data-widget_type=\"button.default\">\n\t\t\t\t<div class=\"elementor-widget-container\">\n\t\t\t\t\t\t\t\t\t<div class=\"elementor-button-wrapper\">\n\t\t\t\t\t<a class=\"elementor-button elementor-button-link elementor-size-sm\" href=\"https:\/\/a3cert.com\/no\/tilbud\/\">\n\t\t\t\t\t\t<span class=\"elementor-button-content-wrapper\">\n\t\t\t\t\t\t<span class=\"elementor-button-icon\">\n\t\t\t\t<svg xmlns=\"http:\/\/www.w3.org\/2000\/svg\" id=\"Ebene_1\" data-name=\"Ebene 1\" viewBox=\"0 0 32 32\"><defs><style>.cls-1{fill:none;stroke:#000;stroke-linecap:round;stroke-linejoin:round;stroke-width:2px;}<\/style><\/defs><polyline class=\"cls-1\" points=\"21 6 31 16 21 26\"><\/polyline><line class=\"cls-1\" x1=\"7\" y1=\"16\" x2=\"30.33\" y2=\"16\"><\/line><line class=\"cls-1\" x1=\"1\" y1=\"25\" x2=\"1\" y2=\"7\"><\/line><\/svg>\t\t\t<\/span>\n\t\t\t\t\t\t\t\t\t<span class=\"elementor-button-text\">Tilbud<\/span>\n\t\t\t\t\t<\/span>\n\t\t\t\t\t<\/a>\n\t\t\t\t<\/div>\n\t\t\t\t\t\t\t\t<\/div>\n\t\t\t\t<\/div>\n\t\t\t\t<div class=\"elementor-element elementor-element-4c5a7e8 elementor-widget__width-auto elementor-mobile-align-left elementor-widget-mobile__width-inherit elementor-widget elementor-widget-button\" data-id=\"4c5a7e8\" data-element_type=\"widget\" data-e-type=\"widget\" data-widget_type=\"button.default\">\n\t\t\t\t<div class=\"elementor-widget-container\">\n\t\t\t\t\t\t\t\t\t<div class=\"elementor-button-wrapper\">\n\t\t\t\t\t<a class=\"elementor-button elementor-button-link elementor-size-sm\" href=\"https:\/\/a3cert.com\/no\/kontakt\/\">\n\t\t\t\t\t\t<span class=\"elementor-button-content-wrapper\">\n\t\t\t\t\t\t\t\t\t<span class=\"elementor-button-text\">Kontakt oss<\/span>\n\t\t\t\t\t<\/span>\n\t\t\t\t\t<\/a>\n\t\t\t\t<\/div>\n\t\t\t\t\t\t\t\t<\/div>\n\t\t\t\t<\/div>\n\t\t\t\t\t<\/div>\n\t\t<\/div>\n\t\t\t\t<div class=\"elementor-column elementor-col-50 elementor-top-column elementor-element elementor-element-21b2d46 elementor-hidden-mobile\" data-id=\"21b2d46\" data-element_type=\"column\" data-e-type=\"column\">\n\t\t\t<div class=\"elementor-widget-wrap elementor-element-populated\">\n\t\t\t\t\t\t<div class=\"elementor-element elementor-element-4ce1fc4 elementor-widget__width-initial elementor-absolute ac_img elementor-widget-mobile__width-inherit elementor-widget-tablet__width-initial elementor-widget elementor-widget-image\" data-id=\"4ce1fc4\" data-element_type=\"widget\" data-e-type=\"widget\" data-settings=\"{&quot;_position&quot;:&quot;absolute&quot;}\" data-widget_type=\"image.default\">\n\t\t\t\t<div class=\"elementor-widget-container\">\n\t\t\t\t\t\t\t\t\t\t\t\t\t\t\t<img fetchpriority=\"high\" decoding=\"async\" width=\"1470\" height=\"1110\" src=\"https:\/\/a3cert.com\/wp-content\/uploads\/2022\/07\/b-1.png\" class=\"attachment-full size-full wp-image-2790\" alt=\"\" srcset=\"https:\/\/a3cert.com\/wp-content\/uploads\/2022\/07\/b-1.png 1470w, https:\/\/a3cert.com\/wp-content\/uploads\/2022\/07\/b-1-300x227.png 300w, https:\/\/a3cert.com\/wp-content\/uploads\/2022\/07\/b-1-1024x773.png 1024w, https:\/\/a3cert.com\/wp-content\/uploads\/2022\/07\/b-1-768x580.png 768w\" sizes=\"(max-width: 1470px) 100vw, 1470px\">\t\t\t\t\t\t\t\t\t\t\t\t\t\t\t<\/div>\n\t\t\t\t<\/div>\n\t\t\t\t\t<\/div>\n\t\t<\/div>\n\t\t\t\t\t<\/div>\n\t\t<\/section>\n\t\t\t\t<section class=\"elementor-section elementor-top-section elementor-element elementor-element-a4dc55f elementor-section-boxed elementor-section-height-default elementor-section-height-default\" data-id=\"a4dc55f\" data-element_type=\"section\" data-e-type=\"section\" data-settings=\"{&quot;background_background&quot;:&quot;gradient&quot;}\">\n\t\t\t\t\t\t<div class=\"elementor-container elementor-column-gap-default\">\n\t\t\t\t\t<div class=\"elementor-column elementor-col-100 elementor-top-column elementor-element elementor-element-23d6159\" data-id=\"23d6159\" data-element_type=\"column\" data-e-type=\"column\">\n\t\t\t<div class=\"elementor-widget-wrap elementor-element-populated\">\n\t\t\t\t\t\t<div class=\"elementor-element elementor-element-6f2c362 elementor-widget__width-initial elementor-widget-mobile__width-inherit elementor-widget elementor-widget-icon-box\" data-id=\"6f2c362\" data-element_type=\"widget\" data-e-type=\"widget\" data-widget_type=\"icon-box.default\">\n\t\t\t\t<div class=\"elementor-widget-container\">\n\t\t\t\t\t\t\t<div class=\"elementor-icon-box-wrapper\">\n\n\t\t\t\n\t\t\t\t\t\t<div class=\"elementor-icon-box-content\">\n\n\t\t\t\t\t\t\t\t\t<h3 class=\"elementor-icon-box-title\">\n\t\t\t\t\t\t<span  >\n\t\t\t\t\t\t\tGeografisk dekning\t\t\t\t\t\t<\/span>\n\t\t\t\t\t<\/h3>\n\t\t\t\t\n\t\t\t\t\t\t\t\t\t<p class=\"elementor-icon-box-description\">\n\t\t\t\t\t\t\u2013 Vi har god dekning over hele Norden\t\t\t\t\t<\/p>\n\t\t\t\t\n\t\t\t<\/div>\n\t\t\t\n\t\t<\/div>\n\t\t\t\t\t\t<\/div>\n\t\t\t\t<\/div>\n\t\t\t\t<div class=\"elementor-element elementor-element-039b6fc elementor-widget__width-initial elementor-widget-mobile__width-inherit elementor-widget elementor-widget-icon-box\" data-id=\"039b6fc\" data-element_type=\"widget\" data-e-type=\"widget\" data-widget_type=\"icon-box.default\">\n\t\t\t\t<div class=\"elementor-widget-container\">\n\t\t\t\t\t\t\t<div class=\"elementor-icon-box-wrapper\">\n\n\t\t\t\n\t\t\t\t\t\t<div class=\"elementor-icon-box-content\">\n\n\t\t\t\t\t\t\t\t\t<h3 class=\"elementor-icon-box-title\">\n\t\t\t\t\t\t<span  >\n\t\t\t\t\t\t\tBred bransjekunnskap\t\t\t\t\t\t<\/span>\n\t\t\t\t\t<\/h3>\n\t\t\t\t\n\t\t\t\t\t\t\t\t\t<p class=\"elementor-icon-box-description\">\n\t\t\t\t\t\t\u2013 Vi har erfaring fra alle bransjer og sektorer\t\t\t\t\t<\/p>\n\t\t\t\t\n\t\t\t<\/div>\n\t\t\t\n\t\t<\/div>\n\t\t\t\t\t\t<\/div>\n\t\t\t\t<\/div>\n\t\t\t\t<div class=\"elementor-element elementor-element-b0ccfb9 elementor-widget__width-initial elementor-widget-mobile__width-inherit elementor-widget elementor-widget-icon-box\" data-id=\"b0ccfb9\" data-element_type=\"widget\" data-e-type=\"widget\" data-widget_type=\"icon-box.default\">\n\t\t\t\t<div class=\"elementor-widget-container\">\n\t\t\t\t\t\t\t<div class=\"elementor-icon-box-wrapper\">\n\n\t\t\t\n\t\t\t\t\t\t<div class=\"elementor-icon-box-content\">\n\n\t\t\t\t\t\t\t\t\t<h3 class=\"elementor-icon-box-title\">\n\t\t\t\t\t\t<span  >\n\t\t\t\t\t\t\tEnkelhet og hurtlighet\t\t\t\t\t\t<\/span>\n\t\t\t\t\t<\/h3>\n\t\t\t\t\n\t\t\t\t\t\t\t\t\t<p class=\"elementor-icon-box-description\">\n\t\t\t\t\t\t\u2013 Sertifisering skall vara smidig\t\t\t\t\t<\/p>\n\t\t\t\t\n\t\t\t<\/div>\n\t\t\t\n\t\t<\/div>\n\t\t\t\t\t\t<\/div>\n\t\t\t\t<\/div>\n\t\t\t\t\t<\/div>\n\t\t<\/div>\n\t\t\t\t\t<\/div>\n\t\t<\/section>\n\t\t\t\t<section class=\"elementor-section elementor-top-section elementor-element elementor-element-feff73f ac_fade elementor-section-boxed elementor-section-height-default elementor-section-height-default\" data-id=\"feff73f\" data-element_type=\"section\" data-e-type=\"section\" data-settings=\"{&quot;background_background&quot;:&quot;classic&quot;}\">\n\t\t\t\t\t\t\t<div class=\"elementor-background-overlay\"><\/div>\n\t\t\t\t\t\t\t<div class=\"elementor-container elementor-column-gap-default\">\n\t\t\t\t\t<div class=\"elementor-column elementor-col-50 elementor-top-column elementor-element elementor-element-ad5b407\" data-id=\"ad5b407\" data-element_type=\"column\" data-e-type=\"column\">\n\t\t\t<div class=\"elementor-widget-wrap elementor-element-populated\">\n\t\t\t\t\t\t<div class=\"elementor-element elementor-element-125dc67 ac_fade_i elementor-widget elementor-widget-image\" data-id=\"125dc67\" data-element_type=\"widget\" data-e-type=\"widget\" data-widget_type=\"image.default\">\n\t\t\t\t<div class=\"elementor-widget-container\">\n\t\t\t\t\t\t\t\t\t\t\t\t\t\t\t<img decoding=\"async\" width=\"800\" height=\"532\" src=\"https:\/\/a3cert.com\/wp-content\/uploads\/2022\/08\/inspector-1-1024x681.jpg\" class=\"attachment-large size-large wp-image-2830\" alt=\"\" srcset=\"https:\/\/a3cert.com\/wp-content\/uploads\/2022\/08\/inspector-1-1024x681.jpg 1024w, https:\/\/a3cert.com\/wp-content\/uploads\/2022\/08\/inspector-1-300x200.jpg 300w, https:\/\/a3cert.com\/wp-content\/uploads\/2022\/08\/inspector-1-768x511.jpg 768w, https:\/\/a3cert.com\/wp-content\/uploads\/2022\/08\/inspector-1-1536x1022.jpg 1536w, https:\/\/a3cert.com\/wp-content\/uploads\/2022\/08\/inspector-1-2048x1363.jpg 2048w\" sizes=\"(max-width: 800px) 100vw, 800px\">\t\t\t\t\t\t\t\t\t\t\t\t\t\t\t<\/div>\n\t\t\t\t<\/div>\n\t\t\t\t\t<\/div>\n\t\t<\/div>\n\t\t\t\t<div class=\"elementor-column elementor-col-50 elementor-top-column elementor-element elementor-element-39a2c07 ac_fade_i\" data-id=\"39a2c07\" data-element_type=\"column\" data-e-type=\"column\">\n\t\t\t<div class=\"elementor-widget-wrap elementor-element-populated\">\n\t\t\t\t\t\t<div class=\"elementor-element elementor-element-89c347e elementor-widget elementor-widget-heading\" data-id=\"89c347e\" data-element_type=\"widget\" data-e-type=\"widget\" data-widget_type=\"heading.default\">\n\t\t\t\t<div class=\"elementor-widget-container\">\n\t\t\t\t\t<h2 class=\"elementor-heading-title elementor-size-default\">A3CERT - Det komplette sertifiseringsorganet\n<\/h2>\t\t\t\t<\/div>\n\t\t\t\t<\/div>\n\t\t\t\t<div class=\"elementor-element elementor-element-7939ba2 elementor-widget elementor-widget-heading\" data-id=\"7939ba2\" data-element_type=\"widget\" data-e-type=\"widget\" data-widget_type=\"heading.default\">\n\t\t\t\t<div class=\"elementor-widget-container\">\n\t\t\t\t\t<h3 class=\"elementor-heading-title elementor-size-default\">Alle er velkomne!<\/h3>\t\t\t\t<\/div>\n\t\t\t\t<\/div>\n\t\t\t\t<div class=\"elementor-element elementor-element-ccfe47e elementor-widget elementor-widget-text-editor\" data-id=\"ccfe47e\" data-element_type=\"widget\" data-e-type=\"widget\" data-widget_type=\"text-editor.default\">\n\t\t\t\t<div class=\"elementor-widget-container\">\n\t\t\t\t\t\t\t\t\tDet har ikke noe \u00e5 si om du sertifiserer for f\u00f8rste gang, eller om du allerede har ett eller flere gyldige sertifikater hos oss eller noe annet sertifiseringsorgan &#8211; alle er like velkomne til A3CERT. \u00c4r ni nyfikna p\u00e5 hur vi arbetar och hur vi kan g\u00f6ra er certifieringsprocess enklare \u00e4r ni mer \u00e4n v\u00e4lkomna att kontakta oss.\t\t\t\t\t\t\t\t<\/div>\n\t\t\t\t<\/div>\n\t\t\t\t<div class=\"elementor-element elementor-element-24c8b19 elementor-widget-divider--view-line elementor-widget elementor-widget-divider\" data-id=\"24c8b19\" data-element_type=\"widget\" data-e-type=\"widget\" data-widget_type=\"divider.default\">\n\t\t\t\t<div class=\"elementor-widget-container\">\n\t\t\t\t\t\t\t<div class=\"elementor-divider\">\n\t\t\t<span class=\"elementor-divider-separator\">\n\t\t\t\t\t\t<\/span>\n\t\t<\/div>\n\t\t\t\t\t\t<\/div>\n\t\t\t\t<\/div>\n\t\t\t\t<div class=\"elementor-element elementor-element-644a1a4 elementor-widget elementor-widget-heading\" data-id=\"644a1a4\" data-element_type=\"widget\" data-e-type=\"widget\" data-widget_type=\"heading.default\">\n\t\t\t\t<div class=\"elementor-widget-container\">\n\t\t\t\t\t<div class=\"elementor-heading-title elementor-size-default\">Fordeler med \u00e5 samle dine sertifikater\n<\/div>\t\t\t\t<\/div>\n\t\t\t\t<\/div>\n\t\t\t\t<div class=\"elementor-element elementor-element-03e2349 elementor-widget elementor-widget-text-editor\" data-id=\"03e2349\" data-element_type=\"widget\" data-e-type=\"widget\" data-widget_type=\"text-editor.default\">\n\t\t\t\t<div class=\"elementor-widget-container\">\n\t\t\t\t\t\t\t\t\tVed \u00e5 samle alle sertifikatene dine fra A3CERT oppn\u00e5r du:\n\t\t\t\t\t\t\t\t<\/div>\n\t\t\t\t<\/div>\n\t\t\t\t<div class=\"elementor-element elementor-element-62018e1 elementor-icon-list--layout-traditional elementor-list-item-link-full_width elementor-widget elementor-widget-icon-list\" data-id=\"62018e1\" data-element_type=\"widget\" data-e-type=\"widget\" data-widget_type=\"icon-list.default\">\n\t\t\t\t<div class=\"elementor-widget-container\">\n\t\t\t\t\t\t\t<ul class=\"elementor-icon-list-items\">\n\t\t\t\t\t\t\t<li class=\"elementor-icon-list-item\">\n\t\t\t\t\t\t\t\t\t\t\t<span class=\"elementor-icon-list-icon\">\n\t\t\t\t\t\t\t<i aria-hidden=\"true\" class=\"fas fa-circle\"><\/i>\t\t\t\t\t\t<\/span>\n\t\t\t\t\t\t\t\t\t\t<span class=\"elementor-icon-list-text\">- Sertifisering blir <b>mer kostnadseffektiv<\/b><\/span>\n\t\t\t\t\t\t\t\t\t<\/li>\n\t\t\t\t\t\t\t\t<li class=\"elementor-icon-list-item\">\n\t\t\t\t\t\t\t\t\t\t\t<span class=\"elementor-icon-list-icon\">\n\t\t\t\t\t\t\t<i aria-hidden=\"true\" class=\"fas fa-circle\"><\/i>\t\t\t\t\t\t<\/span>\n\t\t\t\t\t\t\t\t\t\t<span class=\"elementor-icon-list-text\">- tilsynene blir <b>mer tidseffektive<\/b> for deg n\u00e5r de kan koordineres<\/span>\n\t\t\t\t\t\t\t\t\t<\/li>\n\t\t\t\t\t\t\t\t<li class=\"elementor-icon-list-item\">\n\t\t\t\t\t\t\t\t\t\t\t<span class=\"elementor-icon-list-icon\">\n\t\t\t\t\t\t\t<i aria-hidden=\"true\" class=\"fas fa-circle\"><\/i>\t\t\t\t\t\t<\/span>\n\t\t\t\t\t\t\t\t\t\t<span class=\"elementor-icon-list-text\">- Det er <b>lettere<\/b> for deg \u00e5 ha kontakt med et sertifiseringsorgan enn mange<\/span>\n\t\t\t\t\t\t\t\t\t<\/li>\n\t\t\t\t\t\t<\/ul>\n\t\t\t\t\t\t<\/div>\n\t\t\t\t<\/div>\n\t\t\t\t\t<\/div>\n\t\t<\/div>\n\t\t\t\t\t<\/div>\n\t\t<\/section>\n\t\t\t\t<section class=\"elementor-section elementor-top-section elementor-element elementor-element-02a00b8 elementor-section-boxed elementor-section-height-default elementor-section-height-default\" data-id=\"02a00b8\" data-element_type=\"section\" data-e-type=\"section\">\n\t\t\t\t\t\t<div class=\"elementor-container elementor-column-gap-default\">\n\t\t\t\t\t<div class=\"elementor-column elementor-col-100 elementor-top-column elementor-element elementor-element-4b421e6\" data-id=\"4b421e6\" data-element_type=\"column\" data-e-type=\"column\" data-settings=\"{&quot;background_background&quot;:&quot;classic&quot;}\">\n\t\t\t<div class=\"elementor-widget-wrap elementor-element-populated\">\n\t\t\t\t\t<div class=\"elementor-background-overlay\"><\/div>\n\t\t\t\t\t\t<div class=\"elementor-element elementor-element-72494a8 elementor-widget elementor-widget-heading\" data-id=\"72494a8\" data-element_type=\"widget\" data-e-type=\"widget\" data-widget_type=\"heading.default\">\n\t\t\t\t<div class=\"elementor-widget-container\">\n\t\t\t\t\t<h2 class=\"elementor-heading-title elementor-size-default\">Velg den rette sertifiseringsorgan <br>\u2013 Endre till A3cert<\/h2>\t\t\t\t<\/div>\n\t\t\t\t<\/div>\n\t\t\t\t<section class=\"elementor-section elementor-inner-section elementor-element elementor-element-fbdb3fb elementor-section-boxed elementor-section-height-default elementor-section-height-default\" data-id=\"fbdb3fb\" data-element_type=\"section\" data-e-type=\"section\">\n\t\t\t\t\t\t<div class=\"elementor-container elementor-column-gap-default\">\n\t\t\t\t\t<div class=\"elementor-column elementor-col-50 elementor-inner-column elementor-element elementor-element-4c31382\" data-id=\"4c31382\" data-element_type=\"column\" data-e-type=\"column\">\n\t\t\t<div class=\"elementor-widget-wrap elementor-element-populated\">\n\t\t\t\t\t\t<div class=\"elementor-element elementor-element-ab86c35 elementor-widget elementor-widget-text-editor\" data-id=\"ab86c35\" data-element_type=\"widget\" data-e-type=\"widget\" data-widget_type=\"text-editor.default\">\n\t\t\t\t<div class=\"elementor-widget-container\">\n\t\t\t\t\t\t\t\t\tMed A3CERT blir sertifiseringen enkel og l\u00f8nnsom. N\u00e5r du kontakter oss f\u00e5r du alltid svar p\u00e5 dine sp\u00f8rsm\u00e5l. Vi tilbyr kompetent og effektiv hjelp med sertifisering, uavhengig av bransje, type virksomhet og hvor i sertifiseringssyklusen du befinner deg n\u00e5.\n<a href=\"https:\/\/a3cert.com\/no\/kontakt\/\">Kontakt oss<\/a> for et tilbud og mer informasjon.\t\t\t\t\t\t\t\t<\/div>\n\t\t\t\t<\/div>\n\t\t\t\t\t<\/div>\n\t\t<\/div>\n\t\t\t\t<div class=\"elementor-column elementor-col-50 elementor-inner-column elementor-element elementor-element-e41744a\" data-id=\"e41744a\" data-element_type=\"column\" data-e-type=\"column\">\n\t\t\t<div class=\"elementor-widget-wrap elementor-element-populated\">\n\t\t\t\t\t\t<div class=\"elementor-element elementor-element-2e8e5e0 elementor-widget__width-auto elementor-mobile-align-left elementor-widget-mobile__width-inherit elementor-widget elementor-widget-button\" data-id=\"2e8e5e0\" data-element_type=\"widget\" data-e-type=\"widget\" data-widget_type=\"button.default\">\n\t\t\t\t<div class=\"elementor-widget-container\">\n\t\t\t\t\t\t\t\t\t<div class=\"elementor-button-wrapper\">\n\t\t\t\t\t<a class=\"elementor-button elementor-button-link elementor-size-sm\" href=\"https:\/\/a3cert.com\/no\/tilbud\/\">\n\t\t\t\t\t\t<span class=\"elementor-button-content-wrapper\">\n\t\t\t\t\t\t<span class=\"elementor-button-icon\">\n\t\t\t\t<svg xmlns=\"http:\/\/www.w3.org\/2000\/svg\" id=\"Ebene_1\" data-name=\"Ebene 1\" viewBox=\"0 0 32 32\"><defs><style>.cls-1{fill:none;stroke:#000;stroke-linecap:round;stroke-linejoin:round;stroke-width:2px;}<\/style><\/defs><polyline class=\"cls-1\" points=\"21 6 31 16 21 26\"><\/polyline><line class=\"cls-1\" x1=\"7\" y1=\"16\" x2=\"30.33\" y2=\"16\"><\/line><line class=\"cls-1\" x1=\"1\" y1=\"25\" x2=\"1\" y2=\"7\"><\/line><\/svg>\t\t\t<\/span>\n\t\t\t\t\t\t\t\t\t<span class=\"elementor-button-text\">Tilbud<\/span>\n\t\t\t\t\t<\/span>\n\t\t\t\t\t<\/a>\n\t\t\t\t<\/div>\n\t\t\t\t\t\t\t\t<\/div>\n\t\t\t\t<\/div>\n\t\t\t\t<div class=\"elementor-element elementor-element-9e7ece6 elementor-widget__width-auto elementor-mobile-align-left elementor-widget-mobile__width-inherit elementor-widget elementor-widget-button\" data-id=\"9e7ece6\" data-element_type=\"widget\" data-e-type=\"widget\" data-widget_type=\"button.default\">\n\t\t\t\t<div class=\"elementor-widget-container\">\n\t\t\t\t\t\t\t\t\t<div class=\"elementor-button-wrapper\">\n\t\t\t\t\t<a class=\"elementor-button elementor-button-link elementor-size-sm\" href=\"https:\/\/a3cert.com\/no\/kontakt\/\">\n\t\t\t\t\t\t<span class=\"elementor-button-content-wrapper\">\n\t\t\t\t\t\t\t\t\t<span class=\"elementor-button-text\">Kontakt oss<\/span>\n\t\t\t\t\t<\/span>\n\t\t\t\t\t<\/a>\n\t\t\t\t<\/div>\n\t\t\t\t\t\t\t\t<\/div>\n\t\t\t\t<\/div>\n\t\t\t\t\t<\/div>\n\t\t<\/div>\n\t\t\t\t\t<\/div>\n\t\t<\/section>\n\t\t\t\t\t<\/div>\n\t\t<\/div>\n\t\t\t\t\t<\/div>\n\t\t<\/section>\n\t\t\t\t<\/div>\n\t\t","protected":false},"excerpt":{"rendered":"<p>Hjem \/ ENDRE TIL A3CERT Det \u00e4r l\u00e4tt att endre til oss. Vi kan ta over befintliga sertifikater n\u00e5r som helst i en sertifikatperiod. Ingen fornyelserevision kr\u00e4vs og ingen ekstra ekstra kostnader tilkommer. Ni \u00e4r allts\u00e5 v\u00e4lkomna att byta till oss som certifieringsorgan n\u00e4r ni vill &#8211; det m\u00e5 ikke v\u00e6re relevant under oppdateringerrevision eller [&hellip;]<\/p>\n","protected":false},"author":11,"featured_media":0,"parent":0,"menu_order":0,"comment_status":"closed","ping_status":"closed","template":"elementor_header_footer","meta":{"_acf_changed":false,"footnotes":""},"class_list":["post-3596","page","type-page","status-publish","hentry"],"acf":[],"_links":{"self":[{"href":"https:\/\/a3cert.com\/no\/wp-json\/wp\/v2\/pages\/3596","targetHints":{"allow":["GET"]}}],"collection":[{"href":"https:\/\/a3cert.com\/no\/wp-json\/wp\/v2\/pages"}],"about":[{"href":"https:\/\/a3cert.com\/no\/wp-json\/wp\/v2\/types\/page"}],"author":[{"embeddable":true,"href":"https:\/\/a3cert.com\/no\/wp-json\/wp\/v2\/users\/11"}],"replies":[{"embeddable":true,"href":"https:\/\/a3cert.com\/no\/wp-json\/wp\/v2\/comments?post=3596"}],"version-history":[{"count":2,"href":"https:\/\/a3cert.com\/no\/wp-json\/wp\/v2\/pages\/3596\/revisions"}],"predecessor-version":[{"id":4235,"href":"https:\/\/a3cert.com\/no\/wp-json\/wp\/v2\/pages\/3596\/revisions\/4235"}],"wp:attachment":[{"href":"https:\/\/a3cert.com\/no\/wp-json\/wp\/v2\/media?parent=3596"}],"curies":[{"name":"wp","href":"https:\/\/api.w.org\/{rel}","templated":true}]}}